{"id":684,"date":"2023-06-12T07:52:06","date_gmt":"2023-06-12T07:52:06","guid":{"rendered":"https:\/\/eurosrb.com\/homepage\/"},"modified":"2023-09-07T13:54:23","modified_gmt":"2023-09-07T13:54:23","slug":"homepage","status":"publish","type":"page","link":"https:\/\/eurosrb.com\/fr\/","title":{"rendered":"SRB &#8211; La plus grande raffinerie de sucre d&#8217;Italie"},"content":{"rendered":"<p>[et_pb_section fb_built=&#8221;1&#8243; custom_padding_last_edited=&#8221;on|phone&#8221; _builder_version=&#8221;4.21.0&#8243; _module_preset=&#8221;default&#8221; background_image=&#8221;https:\/\/eurosrb.com\/wp-content\/uploads\/2023\/07\/bg-home-5-scaled.jpg&#8221; custom_padding=&#8221;300px||||false|false&#8221; custom_padding_tablet=&#8221;200px||||false|false&#8221; custom_padding_phone=&#8221;150px||||false|false&#8221; global_colors_info=&#8221;{}&#8221;][et_pb_row _builder_version=&#8221;4.21.0&#8243; _module_preset=&#8221;default&#8221; max_width=&#8221;1350px&#8221; global_colors_info=&#8221;{}&#8221;][et_pb_column type=&#8221;4_4&#8243; _builder_version=&#8221;4.21.0&#8243; _module_preset=&#8221;default&#8221; global_colors_info=&#8221;{}&#8221;][et_pb_text _builder_version=&#8221;4.21.0&#8243; _module_preset=&#8221;default&#8221; header_font=&#8221;|800|||||||&#8221; header_text_color=&#8221;#FFFFFF&#8221; header_2_line_height=&#8221;1.25em&#8221; header_3_line_height=&#8221;1.25em&#8221; text_orientation=&#8221;center&#8221; background_layout=&#8221;dark&#8221; global_colors_info=&#8221;{}&#8221;]<\/p>\n<h1>NOUS SOMMES L\u00c0<img loading=\"lazy\" decoding=\"async\" src=\"https:\/\/eurosrb.com\/wp-content\/uploads\/2023\/06\/pin_srb-216x300.png\" width=\"216\" height=\"300\" alt=\"\" class=\"wp-image-433 alignnone size-medium\" srcset=\"https:\/\/eurosrb.com\/wp-content\/uploads\/2023\/06\/pin_srb-216x300.png 216w, https:\/\/eurosrb.com\/wp-content\/uploads\/2023\/06\/pin_srb.png 309w\" sizes=\"(max-width: 216px) 100vw, 216px\" \/><\/h1>\n<p>Install\u00e9s \u00e0 Brindisi, nous sommes la plus grande raffinerie de sucre de canne d\u2019Italie.<\/p>\n<p>[\/et_pb_text][et_pb_button button_url=&#8221;#siamoqui&#8221; button_text=&#8221;En savoir plus&#8221; button_alignment=&#8221;center&#8221; _builder_version=&#8221;4.21.0&#8243; _module_preset=&#8221;default&#8221; custom_button=&#8221;on&#8221; button_icon=&#8221;&#x37;||divi||400&#8243; button_on_hover=&#8221;off&#8221; custom_padding=&#8221;15px|15px|15px|15px|false|false&#8221; custom_css_main_element=&#8221;z-index:10&#8243; global_colors_info=&#8221;{}&#8221;][\/et_pb_button][et_pb_code _builder_version=&#8221;4.21.0&#8243; _module_preset=&#8221;default&#8221; global_colors_info=&#8221;{}&#8221;]<\/p>\n<div style=\"padding:56.25% 0 0 0;position:relative; margin: -50% 0px -30%; \"><iframe src=\"https:\/\/player.vimeo.com\/video\/850831441?badge=0&#038;autopause=0&#038;player_id=0&#038;app_id=58479\" frameborder=\"0\" allow=\"autoplay; fullscreen; picture-in-picture\" style=\"position:absolute;top:0;left:0;width:100%;height:100%;\" title=\"SRB_VIDEO_v6_Final\"><\/iframe><\/div>\n<p><script src=\"https:\/\/player.vimeo.com\/api\/player.js\"><\/script>[\/et_pb_code][et_pb_code _builder_version=&#8221;4.21.0&#8243; _module_preset=&#8221;default&#8221; global_colors_info=&#8221;{}&#8221;][\/et_pb_code][\/et_pb_column][\/et_pb_row][\/et_pb_section][et_pb_section fb_built=&#8221;1&#8243; module_id=&#8221;siamoqui&#8221; _builder_version=&#8221;4.21.0&#8243; _module_preset=&#8221;default&#8221; custom_margin=&#8221;300px||||false|false&#8221; custom_margin_tablet=&#8221;200px||||false|false&#8221; custom_margin_phone=&#8221;100px||||false|false&#8221; custom_margin_last_edited=&#8221;on|phone&#8221; custom_padding=&#8221;2px|||||&#8221; global_colors_info=&#8221;{}&#8221;][et_pb_row _builder_version=&#8221;4.21.0&#8243; _module_preset=&#8221;default&#8221; max_width=&#8221;1350px&#8221; max_width_tablet=&#8221;1350px&#8221; max_width_phone=&#8221;1350px&#8221; max_width_last_edited=&#8221;on|desktop&#8221; global_colors_info=&#8221;{}&#8221;][et_pb_column type=&#8221;4_4&#8243; _builder_version=&#8221;4.21.0&#8243; _module_preset=&#8221;default&#8221; global_colors_info=&#8221;{}&#8221;][et_pb_text _builder_version=&#8221;4.21.0&#8243; _module_preset=&#8221;default&#8221; header_font=&#8221;||||||||&#8221; header_2_line_height=&#8221;1.25em&#8221; header_3_line_height=&#8221;1.25em&#8221; text_orientation=&#8221;center&#8221; max_width=&#8221;830px&#8221; module_alignment=&#8221;center&#8221; global_colors_info=&#8221;{}&#8221;]<\/p>\n<h3>Nous sommes l\u00e0 depuis 2010<\/h3>\n<p>Cela fait plus de 10 ans que nous produisons et commercialisons du sucre. Depuis nos d\u00e9buts, nous investissons dans le <strong>territoire<\/strong> et dans la <strong>qualit\u00e9<\/strong> de nos produits. Aujourd\u2019hui, l\u2019entreprise SRB S.p.A. est active dans la <strong>production de sucre et d\u2019\u00e9nergie<\/strong>, et appartient \u00e0 ASR Group et Cristal Union.<\/p>\n<p>[\/et_pb_text][et_pb_button button_url=&#8221;@ET-DC@eyJkeW5hbWljIjp0cnVlLCJjb250ZW50IjoicG9zdF9saW5rX3VybF9wYWdlIiwic2V0dGluZ3MiOnsicG9zdF9pZCI6IjMyOCJ9fQ==@&#8221; button_text=&#8221;\u00c0 propos&#8221; button_alignment=&#8221;center&#8221; _builder_version=&#8221;4.21.0&#8243; _dynamic_attributes=&#8221;button_url&#8221; _module_preset=&#8221;default&#8221; custom_padding=&#8221;15px|15px|15px|15px|false|false&#8221; global_colors_info=&#8221;{}&#8221;][\/et_pb_button][\/et_pb_column][\/et_pb_row][\/et_pb_section][et_pb_section fb_built=&#8221;1&#8243; module_id=&#8221;cosa_facciamo&#8221; _builder_version=&#8221;4.21.0&#8243; _module_preset=&#8221;default&#8221; background_color=&#8221;#e7f3fa&#8221; global_colors_info=&#8221;{}&#8221;][et_pb_row _builder_version=&#8221;4.21.0&#8243; _module_preset=&#8221;default&#8221; max_width=&#8221;1350px&#8221; global_colors_info=&#8221;{}&#8221;][et_pb_column type=&#8221;4_4&#8243; _builder_version=&#8221;4.21.0&#8243; _module_preset=&#8221;default&#8221; global_colors_info=&#8221;{}&#8221;][et_pb_text _builder_version=&#8221;4.21.0&#8243; _module_preset=&#8221;default&#8221; header_font=&#8221;||||||||&#8221; header_2_line_height=&#8221;1.25em&#8221; header_3_line_height=&#8221;1.25em&#8221; header_4_text_color=&#8221;#dc0814&#8243; header_4_font_size=&#8221;20px&#8221; header_4_line_height=&#8221;1.5em&#8221; max_width=&#8221;888px&#8221; text_orientation_tablet=&#8221;center&#8221; text_orientation_phone=&#8221;center&#8221; text_orientation_last_edited=&#8221;on|tablet&#8221; global_colors_info=&#8221;{}&#8221;]<\/p>\n<h4>CE QUE NOUS FAISONS<\/h4>\n<h2>Nous sommes l\u00e0 pour vous offrir qualit\u00e9 et professionnalisme<\/h2>\n<p>Approvisionnement \u00e9thique en <strong>mati\u00e8res premi\u00e8res<\/strong>, attention aux processus de <strong>production, conseil<\/strong> personnalis\u00e9, <strong>installation de cog\u00e9n\u00e9ration \u00e9nerg\u00e9tiqu<\/strong>e \u00e0 haute efficacit\u00e9, le tout garanti par nos <strong>certifications<\/strong>. Voici ce que nous faisons.<\/p>\n<p>[\/et_pb_text][\/et_pb_column][\/et_pb_row][et_pb_row column_structure=&#8221;1_3,1_3,1_3&#8243; _builder_version=&#8221;4.21.0&#8243; _module_preset=&#8221;default&#8221; max_width=&#8221;1350px&#8221; global_colors_info=&#8221;{}&#8221;][et_pb_column type=&#8221;1_3&#8243; _builder_version=&#8221;4.21.0&#8243; _module_preset=&#8221;default&#8221; global_colors_info=&#8221;{}&#8221;][et_pb_blurb title=&#8221;Production&#8221; image=&#8221;https:\/\/eurosrb.com\/wp-content\/uploads\/\/home_produzione.svg&#8221; icon_alignment=&#8221;left&#8221; module_class=&#8221;box_homepage highlighted&#8221; _builder_version=&#8221;4.21.0&#8243; _dynamic_attributes=&#8221;link_option_url&#8221; _module_preset=&#8221;default&#8221; link_option_url=&#8221;@ET-DC@eyJkeW5hbWljIjp0cnVlLCJjb250ZW50IjoicG9zdF9saW5rX3VybF9wYWdlIiwic2V0dGluZ3MiOnsicG9zdF9pZCI6IjI3OSJ9fQ==@&#8221; global_colors_info=&#8221;{}&#8221;]<\/p>\n<p>Du sucre, mais pas seulement, avec des standards \u00e9thiques et de qualit\u00e9 \u00e9lev\u00e9s.<\/p>\n<p>[\/et_pb_blurb][\/et_pb_column][et_pb_column type=&#8221;1_3&#8243; _builder_version=&#8221;4.21.0&#8243; _module_preset=&#8221;default&#8221; global_colors_info=&#8221;{}&#8221;][et_pb_blurb title=&#8221;Notadolce Professional&#8221; url=&#8221;@ET-DC@eyJkeW5hbWljIjp0cnVlLCJjb250ZW50IjoicG9zdF9saW5rX3VybF9wYWdlIiwic2V0dGluZ3MiOnsicG9zdF9pZCI6IjM5NSJ9fQ==@&#8221; image=&#8221;https:\/\/eurosrb.com\/wp-content\/uploads\/\/home_notadolce.svg&#8221; icon_alignment=&#8221;left&#8221; module_class=&#8221;box_homepage&#8221; _builder_version=&#8221;4.21.0&#8243; _dynamic_attributes=&#8221;url,link_option_url&#8221; _module_preset=&#8221;default&#8221; link_option_url=&#8221;@ET-DC@eyJkeW5hbWljIjp0cnVlLCJjb250ZW50IjoicG9zdF9saW5rX3VybF9wYWdlIiwic2V0dGluZ3MiOnsicG9zdF9pZCI6IjM5NSJ9fQ==@&#8221; global_colors_info=&#8221;{}&#8221;]<\/p>\n<p>Les produits Notadolce de SRB pour l\u2019industrie et les professionnels.<\/p>\n<p>[\/et_pb_blurb][\/et_pb_column][et_pb_column type=&#8221;1_3&#8243; _builder_version=&#8221;4.21.0&#8243; _module_preset=&#8221;default&#8221; global_colors_info=&#8221;{}&#8221;][et_pb_blurb title=&#8221;Certifications&#8221; url=&#8221;@ET-DC@eyJkeW5hbWljIjp0cnVlLCJjb250ZW50IjoicG9zdF9saW5rX3VybF9wYWdlIiwic2V0dGluZ3MiOnsicG9zdF9pZCI6IjI0MyJ9fQ==@&#8221; image=&#8221;https:\/\/eurosrb.com\/wp-content\/uploads\/\/home_certificazioni.svg&#8221; icon_alignment=&#8221;left&#8221; module_class=&#8221;box_homepage&#8221; _builder_version=&#8221;4.21.0&#8243; _dynamic_attributes=&#8221;url,link_option_url&#8221; _module_preset=&#8221;default&#8221; link_option_url=&#8221;@ET-DC@eyJkeW5hbWljIjp0cnVlLCJjb250ZW50IjoicG9zdF9saW5rX3VybF9wYWdlIiwic2V0dGluZ3MiOnsicG9zdF9pZCI6IjI0MyJ9fQ==@&#8221; global_colors_info=&#8221;{}&#8221;]<\/p>\n<p>Les attestations qui t\u00e9moignent de la qualit\u00e9 de notre travail.<\/p>\n<p>[\/et_pb_blurb][\/et_pb_column][\/et_pb_row][\/et_pb_section][et_pb_section fb_built=&#8221;1&#8243; _builder_version=&#8221;4.21.0&#8243; _module_preset=&#8221;default&#8221; global_colors_info=&#8221;{}&#8221;][et_pb_row column_structure=&#8221;1_2,1_2&#8243; _builder_version=&#8221;4.21.0&#8243; _module_preset=&#8221;default&#8221; max_width=&#8221;1350px&#8221; global_colors_info=&#8221;{}&#8221;][et_pb_column type=&#8221;1_2&#8243; _builder_version=&#8221;4.21.0&#8243; _module_preset=&#8221;default&#8221; global_colors_info=&#8221;{}&#8221;][et_pb_image src=&#8221;https:\/\/eurosrb.com\/wp-content\/uploads\/2023\/06\/notadolce_home.png&#8221; title_text=&#8221;notadolce_home&#8221; disabled_on=&#8221;off|off|on&#8221; _builder_version=&#8221;4.21.0&#8243; _module_preset=&#8221;default&#8221; global_colors_info=&#8221;{}&#8221;][\/et_pb_image][et_pb_image src=&#8221;https:\/\/eurosrb.com\/wp-content\/uploads\/2023\/06\/notadolce_logo-1.svg&#8221; title_text=&#8221;notadolce_logo&#8221; align_tablet=&#8221;center&#8221; align_phone=&#8221;center&#8221; align_last_edited=&#8221;on|tablet&#8221; _builder_version=&#8221;4.21.0&#8243; _module_preset=&#8221;default&#8221; max_width=&#8221;450px&#8221; global_colors_info=&#8221;{}&#8221;][\/et_pb_image][et_pb_text _builder_version=&#8221;4.21.0&#8243; _module_preset=&#8221;default&#8221; header_font=&#8221;||||||||&#8221; header_2_line_height=&#8221;1.25em&#8221; header_3_line_height=&#8221;1.25em&#8221; text_orientation_tablet=&#8221;center&#8221; text_orientation_phone=&#8221;center&#8221; text_orientation_last_edited=&#8221;on|tablet&#8221; global_colors_info=&#8221;{}&#8221;]<\/p>\n<h2>Nous sommes aussi pr\u00e9sents dans votre supermarch\u00e9 favori<\/h2>\n<p>La qualit\u00e9 des produits Notadolce de SRB est aussi disponible en rayon, pour adoucir le quotidien de tous.<\/p>\n<p>[\/et_pb_text][et_pb_button button_url=&#8221;@ET-DC@eyJkeW5hbWljIjp0cnVlLCJjb250ZW50IjoicG9zdF9saW5rX3VybF9wYWdlIiwic2V0dGluZ3MiOnsicG9zdF9pZCI6IjIyMSJ9fQ==@&#8221; button_text=&#8221;En savoir plus&#8221; button_alignment=&#8221;left&#8221; button_alignment_tablet=&#8221;center&#8221; button_alignment_phone=&#8221;center&#8221; button_alignment_last_edited=&#8221;on|tablet&#8221; _builder_version=&#8221;4.21.0&#8243; _dynamic_attributes=&#8221;button_url&#8221; _module_preset=&#8221;default&#8221; custom_padding=&#8221;15px|15px|15px|15px|false|false&#8221; global_colors_info=&#8221;{}&#8221;][\/et_pb_button][\/et_pb_column][et_pb_column type=&#8221;1_2&#8243; _builder_version=&#8221;4.21.0&#8243; _module_preset=&#8221;default&#8221; global_colors_info=&#8221;{}&#8221;][et_pb_image src=&#8221;https:\/\/eurosrb.com\/wp-content\/uploads\/2023\/06\/notadolce_home.png&#8221; title_text=&#8221;notadolce_home&#8221; disabled_on=&#8221;on|on|off&#8221; _builder_version=&#8221;4.21.0&#8243; _module_preset=&#8221;default&#8221; global_colors_info=&#8221;{}&#8221;][\/et_pb_image][\/et_pb_column][\/et_pb_row][\/et_pb_section][et_pb_section fb_built=&#8221;1&#8243; _builder_version=&#8221;4.21.0&#8243; _module_preset=&#8221;default&#8221; global_colors_info=&#8221;{}&#8221;][et_pb_row _builder_version=&#8221;4.21.0&#8243; _module_preset=&#8221;default&#8221; max_width=&#8221;1350px&#8221; global_colors_info=&#8221;{}&#8221;][et_pb_column type=&#8221;4_4&#8243; _builder_version=&#8221;4.21.0&#8243; _module_preset=&#8221;default&#8221; background_image=&#8221;https:\/\/eurosrb.com\/wp-content\/uploads\/2023\/06\/sfondo_cta.png&#8221; background_size=&#8221;custom&#8221; background_image_width=&#8221;101%&#8221; background_image_height=&#8221;101%&#8221; custom_padding=&#8221;100px||100px||false|false&#8221; custom_padding_tablet=&#8221;&#8221; custom_padding_phone=&#8221;40px|15px|40px|15px|false|false&#8221; custom_padding_last_edited=&#8221;on|phone&#8221; background_last_edited=&#8221;on|tablet&#8221; background_size_tablet=&#8221;cover&#8221; background_size_phone=&#8221;cover&#8221; background_position_tablet=&#8221;center&#8221; background_position_phone=&#8221;center_right&#8221; border_radii=&#8221;on|30px|30px|30px|30px&#8221; global_colors_info=&#8221;{}&#8221;][et_pb_text _builder_version=&#8221;4.21.0&#8243; _module_preset=&#8221;default&#8221; header_font=&#8221;||||||||&#8221; header_3_font_size=&#8221;48px&#8221; header_3_line_height=&#8221;1.25em&#8221; text_orientation=&#8221;center&#8221; background_layout=&#8221;dark&#8221; border_color_right=&#8221;rgba(0,0,0,0.18)&#8221; global_colors_info=&#8221;{}&#8221;]<\/p>\n<h2>Contactez-nous, nous sommes l\u00e0 <br \/>pour vous<\/h2>\n<p>Pour plus d\u2019informations sur nos produits et services, n\u2019h\u00e9sitez pas \u00e0 nous \u00e9crire ou \u00e0 nous t\u00e9l\u00e9phoner.<\/p>\n<p>Nous sommes toujours \u00e0 l\u2019\u00e9coute.<\/p>\n<p>[\/et_pb_text][et_pb_button button_url=&#8221;@ET-DC@eyJkeW5hbWljIjp0cnVlLCJjb250ZW50IjoicG9zdF9saW5rX3VybF9wYWdlIiwic2V0dGluZ3MiOnsicG9zdF9pZCI6IjgyIn19@&#8221; button_text=&#8221;Contactez-nous&#8221; button_alignment=&#8221;center&#8221; _builder_version=&#8221;4.21.0&#8243; _dynamic_attributes=&#8221;button_url&#8221; _module_preset=&#8221;default&#8221; custom_button=&#8221;on&#8221; button_text_color=&#8221;#22317f&#8221; button_bg_color=&#8221;#FFFFFF&#8221; custom_padding=&#8221;16px|16px|16px|16px|false|false&#8221; hover_enabled=&#8221;0&#8243; global_colors_info=&#8221;{}&#8221; sticky_enabled=&#8221;0&#8243;][\/et_pb_button][\/et_pb_column][\/et_pb_row][\/et_pb_section]<\/p>\n","protected":false},"excerpt":{"rendered":"<p>NOUS SOMMES L\u00c0 Install\u00e9s \u00e0 Brindisi, nous sommes la plus grande raffinerie de sucre de canne d\u2019Italie.Nous sommes l\u00e0 depuis 2010 Cela fait plus de 10 ans que nous produisons et commercialisons du sucre. Depuis nos d\u00e9buts, nous investissons dans le territoire et dans la qualit\u00e9 de nos produits. Aujourd\u2019hui, l\u2019entreprise SRB S.p.A. est active [&hellip;]<\/p>\n","protected":false},"author":3,"featured_media":0,"parent":0,"menu_order":0,"comment_status":"closed","ping_status":"closed","template":"","meta":{"_et_pb_use_builder":"on","_et_pb_old_content":"","_et_gb_content_width":"","inline_featured_image":false,"footnotes":""},"class_list":["post-684","page","type-page","status-publish","hentry"],"yoast_head":"<!-- This site is optimized with the Yoast SEO plugin v24.7 - https:\/\/yoast.com\/wordpress\/plugins\/seo\/ -->\n<title>SRB - La plus grande raffinerie de sucre d&#039;Italie<\/title>\n<meta name=\"description\" content=\"Nous produisons du sucre depuis plus de 10 ans en investissant dans le territoire, la qualit\u00e9 des mati\u00e8res premi\u00e8res et des proc\u00e9d\u00e9s certifi\u00e9s. En savoir plus sur SRB!\" \/>\n<meta name=\"robots\" content=\"index, follow, max-snippet:-1, max-image-preview:large, max-video-preview:-1\" \/>\n<link rel=\"canonical\" href=\"https:\/\/eurosrb.com\/fr\/\" \/>\n<meta property=\"og:locale\" content=\"fr_FR\" \/>\n<meta property=\"og:type\" content=\"article\" \/>\n<meta property=\"og:title\" content=\"SRB - La plus grande raffinerie de sucre d&#039;Italie\" \/>\n<meta property=\"og:description\" content=\"Nous produisons du sucre depuis plus de 10 ans en investissant dans le territoire, la qualit\u00e9 des mati\u00e8res premi\u00e8res et des proc\u00e9d\u00e9s certifi\u00e9s. En savoir plus sur SRB!\" \/>\n<meta property=\"og:url\" content=\"https:\/\/eurosrb.com\/fr\/\" \/>\n<meta property=\"og:site_name\" content=\"SRB\" \/>\n<meta property=\"article:publisher\" content=\"https:\/\/www.facebook.com\/zuccherosrb\" \/>\n<meta property=\"article:modified_time\" content=\"2023-09-07T13:54:23+00:00\" \/>\n<meta property=\"og:image\" content=\"https:\/\/eurosrb.com\/wp-content\/uploads\/2023\/06\/pin_srb-216x300.png\" \/>\n<meta name=\"twitter:card\" content=\"summary_large_image\" \/>\n<meta name=\"twitter:label1\" content=\"Est. reading time\" \/>\n\t<meta name=\"twitter:data1\" content=\"7 minutes\" \/>\n<script type=\"application\/ld+json\" class=\"yoast-schema-graph\">{\"@context\":\"https:\/\/schema.org\",\"@graph\":[{\"@type\":\"WebPage\",\"@id\":\"https:\/\/eurosrb.com\/fr\/\",\"url\":\"https:\/\/eurosrb.com\/fr\/\",\"name\":\"SRB - La plus grande raffinerie de sucre d'Italie\",\"isPartOf\":{\"@id\":\"https:\/\/eurosrb.com\/fr\/#website\"},\"primaryImageOfPage\":{\"@id\":\"https:\/\/eurosrb.com\/fr\/#primaryimage\"},\"image\":{\"@id\":\"https:\/\/eurosrb.com\/fr\/#primaryimage\"},\"thumbnailUrl\":\"https:\/\/eurosrb.com\/wp-content\/uploads\/2023\/06\/pin_srb-216x300.png\",\"datePublished\":\"2023-06-12T07:52:06+00:00\",\"dateModified\":\"2023-09-07T13:54:23+00:00\",\"description\":\"Nous produisons du sucre depuis plus de 10 ans en investissant dans le territoire, la qualit\u00e9 des mati\u00e8res premi\u00e8res et des proc\u00e9d\u00e9s certifi\u00e9s. En savoir plus sur SRB!\",\"breadcrumb\":{\"@id\":\"https:\/\/eurosrb.com\/fr\/#breadcrumb\"},\"inLanguage\":\"fr-FR\",\"potentialAction\":[{\"@type\":\"ReadAction\",\"target\":[\"https:\/\/eurosrb.com\/fr\/\"]}]},{\"@type\":\"ImageObject\",\"inLanguage\":\"fr-FR\",\"@id\":\"https:\/\/eurosrb.com\/fr\/#primaryimage\",\"url\":\"https:\/\/eurosrb.com\/wp-content\/uploads\/2023\/06\/pin_srb-216x300.png\",\"contentUrl\":\"https:\/\/eurosrb.com\/wp-content\/uploads\/2023\/06\/pin_srb-216x300.png\"},{\"@type\":\"BreadcrumbList\",\"@id\":\"https:\/\/eurosrb.com\/fr\/#breadcrumb\",\"itemListElement\":[{\"@type\":\"ListItem\",\"position\":1,\"name\":\"Home\",\"item\":\"https:\/\/eurosrb.com\/fr\/\"},{\"@type\":\"ListItem\",\"position\":2,\"name\":\"SRB &#8211; La plus grande raffinerie de sucre d&rsquo;Italie\"}]},{\"@type\":\"WebSite\",\"@id\":\"https:\/\/eurosrb.com\/fr\/#website\",\"url\":\"https:\/\/eurosrb.com\/fr\/\",\"name\":\"SRB S.p.A.\",\"description\":\"Siamo a Brindisi, e siamo la pi\u00f9 grande raffineria di zucchero da canna in Italia.\",\"publisher\":{\"@id\":\"https:\/\/eurosrb.com\/fr\/#organization\"},\"alternateName\":\"Zuccherificio SRB\",\"potentialAction\":[{\"@type\":\"SearchAction\",\"target\":{\"@type\":\"EntryPoint\",\"urlTemplate\":\"https:\/\/eurosrb.com\/fr\/?s={search_term_string}\"},\"query-input\":{\"@type\":\"PropertyValueSpecification\",\"valueRequired\":true,\"valueName\":\"search_term_string\"}}],\"inLanguage\":\"fr-FR\"},{\"@type\":\"Organization\",\"@id\":\"https:\/\/eurosrb.com\/fr\/#organization\",\"name\":\"SRB S.p.A.\",\"alternateName\":\"Zuccherificio SRB\",\"url\":\"https:\/\/eurosrb.com\/fr\/\",\"logo\":{\"@type\":\"ImageObject\",\"inLanguage\":\"fr-FR\",\"@id\":\"https:\/\/eurosrb.com\/fr\/#\/schema\/logo\/image\/\",\"url\":\"https:\/\/eurosrb.com\/wp-content\/uploads\/2023\/06\/logo-eurosrb.png\",\"contentUrl\":\"https:\/\/eurosrb.com\/wp-content\/uploads\/2023\/06\/logo-eurosrb.png\",\"width\":264,\"height\":172,\"caption\":\"SRB S.p.A.\"},\"image\":{\"@id\":\"https:\/\/eurosrb.com\/fr\/#\/schema\/logo\/image\/\"},\"sameAs\":[\"https:\/\/www.facebook.com\/zuccherosrb\",\"https:\/\/www.linkedin.com\/company\/eurosrb\/\"]}]}<\/script>\n<!-- \/ Yoast SEO plugin. -->","yoast_head_json":{"title":"SRB - La plus grande raffinerie de sucre d'Italie","description":"Nous produisons du sucre depuis plus de 10 ans en investissant dans le territoire, la qualit\u00e9 des mati\u00e8res premi\u00e8res et des proc\u00e9d\u00e9s certifi\u00e9s. En savoir plus sur SRB!","robots":{"index":"index","follow":"follow","max-snippet":"max-snippet:-1","max-image-preview":"max-image-preview:large","max-video-preview":"max-video-preview:-1"},"canonical":"https:\/\/eurosrb.com\/fr\/","og_locale":"fr_FR","og_type":"article","og_title":"SRB - La plus grande raffinerie de sucre d'Italie","og_description":"Nous produisons du sucre depuis plus de 10 ans en investissant dans le territoire, la qualit\u00e9 des mati\u00e8res premi\u00e8res et des proc\u00e9d\u00e9s certifi\u00e9s. En savoir plus sur SRB!","og_url":"https:\/\/eurosrb.com\/fr\/","og_site_name":"SRB","article_publisher":"https:\/\/www.facebook.com\/zuccherosrb","article_modified_time":"2023-09-07T13:54:23+00:00","og_image":[{"url":"https:\/\/eurosrb.com\/wp-content\/uploads\/2023\/06\/pin_srb-216x300.png","type":"","width":"","height":""}],"twitter_card":"summary_large_image","twitter_misc":{"Est. reading time":"7 minutes"},"schema":{"@context":"https:\/\/schema.org","@graph":[{"@type":"WebPage","@id":"https:\/\/eurosrb.com\/fr\/","url":"https:\/\/eurosrb.com\/fr\/","name":"SRB - La plus grande raffinerie de sucre d'Italie","isPartOf":{"@id":"https:\/\/eurosrb.com\/fr\/#website"},"primaryImageOfPage":{"@id":"https:\/\/eurosrb.com\/fr\/#primaryimage"},"image":{"@id":"https:\/\/eurosrb.com\/fr\/#primaryimage"},"thumbnailUrl":"https:\/\/eurosrb.com\/wp-content\/uploads\/2023\/06\/pin_srb-216x300.png","datePublished":"2023-06-12T07:52:06+00:00","dateModified":"2023-09-07T13:54:23+00:00","description":"Nous produisons du sucre depuis plus de 10 ans en investissant dans le territoire, la qualit\u00e9 des mati\u00e8res premi\u00e8res et des proc\u00e9d\u00e9s certifi\u00e9s. En savoir plus sur SRB!","breadcrumb":{"@id":"https:\/\/eurosrb.com\/fr\/#breadcrumb"},"inLanguage":"fr-FR","potentialAction":[{"@type":"ReadAction","target":["https:\/\/eurosrb.com\/fr\/"]}]},{"@type":"ImageObject","inLanguage":"fr-FR","@id":"https:\/\/eurosrb.com\/fr\/#primaryimage","url":"https:\/\/eurosrb.com\/wp-content\/uploads\/2023\/06\/pin_srb-216x300.png","contentUrl":"https:\/\/eurosrb.com\/wp-content\/uploads\/2023\/06\/pin_srb-216x300.png"},{"@type":"BreadcrumbList","@id":"https:\/\/eurosrb.com\/fr\/#breadcrumb","itemListElement":[{"@type":"ListItem","position":1,"name":"Home","item":"https:\/\/eurosrb.com\/fr\/"},{"@type":"ListItem","position":2,"name":"SRB &#8211; La plus grande raffinerie de sucre d&rsquo;Italie"}]},{"@type":"WebSite","@id":"https:\/\/eurosrb.com\/fr\/#website","url":"https:\/\/eurosrb.com\/fr\/","name":"SRB S.p.A.","description":"Siamo a Brindisi, e siamo la pi\u00f9 grande raffineria di zucchero da canna in Italia.","publisher":{"@id":"https:\/\/eurosrb.com\/fr\/#organization"},"alternateName":"Zuccherificio SRB","potentialAction":[{"@type":"SearchAction","target":{"@type":"EntryPoint","urlTemplate":"https:\/\/eurosrb.com\/fr\/?s={search_term_string}"},"query-input":{"@type":"PropertyValueSpecification","valueRequired":true,"valueName":"search_term_string"}}],"inLanguage":"fr-FR"},{"@type":"Organization","@id":"https:\/\/eurosrb.com\/fr\/#organization","name":"SRB S.p.A.","alternateName":"Zuccherificio SRB","url":"https:\/\/eurosrb.com\/fr\/","logo":{"@type":"ImageObject","inLanguage":"fr-FR","@id":"https:\/\/eurosrb.com\/fr\/#\/schema\/logo\/image\/","url":"https:\/\/eurosrb.com\/wp-content\/uploads\/2023\/06\/logo-eurosrb.png","contentUrl":"https:\/\/eurosrb.com\/wp-content\/uploads\/2023\/06\/logo-eurosrb.png","width":264,"height":172,"caption":"SRB S.p.A."},"image":{"@id":"https:\/\/eurosrb.com\/fr\/#\/schema\/logo\/image\/"},"sameAs":["https:\/\/www.facebook.com\/zuccherosrb","https:\/\/www.linkedin.com\/company\/eurosrb\/"]}]}},"_links":{"self":[{"href":"https:\/\/eurosrb.com\/fr\/wp-json\/wp\/v2\/pages\/684","targetHints":{"allow":["GET"]}}],"collection":[{"href":"https:\/\/eurosrb.com\/fr\/wp-json\/wp\/v2\/pages"}],"about":[{"href":"https:\/\/eurosrb.com\/fr\/wp-json\/wp\/v2\/types\/page"}],"author":[{"embeddable":true,"href":"https:\/\/eurosrb.com\/fr\/wp-json\/wp\/v2\/users\/3"}],"replies":[{"embeddable":true,"href":"https:\/\/eurosrb.com\/fr\/wp-json\/wp\/v2\/comments?post=684"}],"version-history":[{"count":13,"href":"https:\/\/eurosrb.com\/fr\/wp-json\/wp\/v2\/pages\/684\/revisions"}],"predecessor-version":[{"id":1260,"href":"https:\/\/eurosrb.com\/fr\/wp-json\/wp\/v2\/pages\/684\/revisions\/1260"}],"wp:attachment":[{"href":"https:\/\/eurosrb.com\/fr\/wp-json\/wp\/v2\/media?parent=684"}],"curies":[{"name":"wp","href":"https:\/\/api.w.org\/{rel}","templated":true}]}}