{"id":725,"date":"2023-06-20T07:31:02","date_gmt":"2023-06-20T07:31:02","guid":{"rendered":"https:\/\/eurosrb.com\/ce-que-nous-faisons\/notadolce-professional\/"},"modified":"2023-09-12T08:40:29","modified_gmt":"2023-09-12T08:40:29","slug":"notadolce-professional","status":"publish","type":"page","link":"https:\/\/eurosrb.com\/fr\/ce-que-nous-faisons\/notadolce-professional\/","title":{"rendered":"Notadolce Professional"},"content":{"rendered":"<p>[et_pb_section fb_built=&#8221;1&#8243; module_class=&#8221;title_bar&#8221; _builder_version=&#8221;4.21.0&#8243; _module_preset=&#8221;default&#8221; background_image=&#8221;https:\/\/eurosrb.com\/wp-content\/uploads\/2023\/07\/bg_notadolce_professional.jpg&#8221; global_colors_info=&#8221;{}&#8221;][et_pb_row _builder_version=&#8221;4.21.0&#8243; _module_preset=&#8221;default&#8221; global_colors_info=&#8221;{}&#8221;][et_pb_column type=&#8221;4_4&#8243; _builder_version=&#8221;4.21.0&#8243; _module_preset=&#8221;default&#8221; global_colors_info=&#8221;{}&#8221;][et_pb_post_title meta=&#8221;off&#8221; featured_image=&#8221;off&#8221; _builder_version=&#8221;4.21.0&#8243; _module_preset=&#8221;default&#8221; title_text_align=&#8221;center&#8221; global_colors_info=&#8221;{}&#8221;][\/et_pb_post_title][et_pb_text _builder_version=&#8221;4.21.0&#8243; _module_preset=&#8221;default&#8221; global_colors_info=&#8221;{}&#8221;]<\/p>\n<div class=\"breadcrumbs_list\"><a href=\"https:\/\/eurosrb.com\">SRB<\/a> > <a href='https:\/\/eurosrb.com\/fr\/ce-que-nous-faisons\/'>Ce que nous faisons<\/a> > <\/div>\n<p>[\/et_pb_text][\/et_pb_column][\/et_pb_row][\/et_pb_section][et_pb_section fb_built=&#8221;1&#8243; _builder_version=&#8221;4.21.0&#8243; _module_preset=&#8221;default&#8221; global_colors_info=&#8221;{}&#8221;][et_pb_row _builder_version=&#8221;4.21.0&#8243; _module_preset=&#8221;default&#8221; max_width=&#8221;1350px&#8221; global_colors_info=&#8221;{}&#8221;][et_pb_column type=&#8221;4_4&#8243; _builder_version=&#8221;4.21.0&#8243; _module_preset=&#8221;default&#8221; global_colors_info=&#8221;{}&#8221;][et_pb_text _builder_version=&#8221;4.21.0&#8243; _module_preset=&#8221;default&#8221; header_font=&#8221;||||||||&#8221; header_2_line_height=&#8221;1.25em&#8221; header_3_font_size=&#8221;48px&#8221; header_3_line_height=&#8221;1.25em&#8221; header_4_text_color=&#8221;#dc0814&#8243; header_4_font_size=&#8221;20px&#8221; header_4_line_height=&#8221;1.5em&#8221; text_orientation=&#8221;center&#8221; global_colors_info=&#8221;{}&#8221;]<\/p>\n<h2>Nous sommes les fournisseurs que vous cherchez<\/h2>\n<p>Notre <strong>offre pour le secteur industriel<\/strong> se divise en deux cat\u00e9gories de sucre, propos\u00e9es en plusieurs formats et porteuses de diff\u00e9rentes certifications concernant les mati\u00e8res premi\u00e8res. Vous n\u2019avez qu\u2019\u00e0 <strong>choisir<\/strong>.<\/p>\n<p>&nbsp;<\/p>\n<p>[\/et_pb_text][\/et_pb_column][\/et_pb_row][et_pb_row column_structure=&#8221;1_2,1_2&#8243; _builder_version=&#8221;4.21.0&#8243; _module_preset=&#8221;default&#8221; max_width=&#8221;1350px&#8221; global_colors_info=&#8221;{}&#8221;][et_pb_column type=&#8221;1_2&#8243; _builder_version=&#8221;4.21.0&#8243; _module_preset=&#8221;default&#8221; global_colors_info=&#8221;{}&#8221;][et_pb_image src=&#8221;https:\/\/eurosrb.com\/wp-content\/uploads\/2023\/07\/notadolce-professional-1.png&#8221; title_text=&#8221;notadolce-professional-1&#8243; _builder_version=&#8221;4.21.0&#8243; _module_preset=&#8221;default&#8221; custom_padding=&#8221;|100px|||false|false&#8221; custom_padding_tablet=&#8221;|0px|||false|false&#8221; custom_padding_phone=&#8221;|0px|||false|false&#8221; custom_padding_last_edited=&#8221;on|desktop&#8221; global_colors_info=&#8221;{}&#8221;][\/et_pb_image][\/et_pb_column][et_pb_column type=&#8221;1_2&#8243; _builder_version=&#8221;4.21.0&#8243; _module_preset=&#8221;default&#8221; global_colors_info=&#8221;{}&#8221;][et_pb_text _builder_version=&#8221;4.21.0&#8243; _module_preset=&#8221;default&#8221; header_font=&#8221;||||||||&#8221; header_2_line_height=&#8221;1.25em&#8221; header_3_font_size=&#8221;48px&#8221; header_3_line_height=&#8221;1.25em&#8221; header_4_text_color=&#8221;#dc0814&#8243; header_4_font_size=&#8221;20px&#8221; header_4_line_height=&#8221;1.5em&#8221; text_orientation_tablet=&#8221;center&#8221; text_orientation_phone=&#8221;center&#8221; text_orientation_last_edited=&#8221;on|tablet&#8221; global_colors_info=&#8221;{}&#8221;]<\/p>\n<h4>NOTADOLCE PROFESSIONAL<\/h4>\n<h2>Tout pour vous permettre de choisir le meilleur<\/h2>\n<p>Approvisionnement, transformation, emballage : toutes ces \u00e9tapes sont suivies avec une attention particuli\u00e8re pour garantir la <strong>qualit\u00e9 du produit<\/strong> que nous proposons \u00e0 votre entreprise. Et si nous n\u2019avons pas le produit dont vous avez besoin, <strong>discutons-en<\/strong>! Nous sommes toujours \u00e0 l\u2019\u00e9coute pour vous offrir la solution qu\u2019il vous faut.<\/p>\n<p>&nbsp;<\/p>\n<p>[\/et_pb_text][et_pb_button button_url=&#8221;@ET-DC@eyJkeW5hbWljIjp0cnVlLCJjb250ZW50IjoicG9zdF9saW5rX3VybF9wYWdlIiwic2V0dGluZ3MiOnsicG9zdF9pZCI6IjgyIn19@&#8221; button_text=&#8221;Contactez-nous&#8221; button_alignment=&#8221;left&#8221; button_alignment_tablet=&#8221;center&#8221; button_alignment_phone=&#8221;center&#8221; button_alignment_last_edited=&#8221;on|tablet&#8221; _builder_version=&#8221;4.21.0&#8243; _dynamic_attributes=&#8221;button_url&#8221; _module_preset=&#8221;default&#8221; custom_padding=&#8221;15px|15px|15px|15px|true|false&#8221; global_colors_info=&#8221;{}&#8221;][\/et_pb_button][\/et_pb_column][\/et_pb_row][\/et_pb_section][et_pb_section fb_built=&#8221;1&#8243; _builder_version=&#8221;4.21.0&#8243; _module_preset=&#8221;default&#8221; background_color=&#8221;#e7f3fa&#8221; global_colors_info=&#8221;{}&#8221;][et_pb_row column_structure=&#8221;1_2,1_2&#8243; _builder_version=&#8221;4.21.0&#8243; _module_preset=&#8221;default&#8221; max_width=&#8221;1350px&#8221; global_colors_info=&#8221;{}&#8221;][et_pb_column type=&#8221;1_2&#8243; _builder_version=&#8221;4.21.0&#8243; _module_preset=&#8221;default&#8221; global_colors_info=&#8221;{}&#8221;][et_pb_image src=&#8221;https:\/\/eurosrb.com\/wp-content\/uploads\/2023\/06\/notadolce_zucchero.png&#8221; title_text=&#8221;notadolce_zucchero&#8221; disabled_on=&#8221;off|off|on&#8221; _builder_version=&#8221;4.21.0&#8243; _module_preset=&#8221;default&#8221; custom_padding=&#8221;||||false|false&#8221; global_colors_info=&#8221;{}&#8221;][\/et_pb_image][et_pb_text _builder_version=&#8221;4.21.0&#8243; _module_preset=&#8221;default&#8221; header_font=&#8221;||||||||&#8221; header_2_line_height=&#8221;1.25em&#8221; header_3_font_size=&#8221;48px&#8221; header_3_line_height=&#8221;1.25em&#8221; header_4_text_color=&#8221;#dc0814&#8243; header_4_font_size=&#8221;20px&#8221; header_4_line_height=&#8221;1.5em&#8221; text_orientation_tablet=&#8221;left&#8221; text_orientation_phone=&#8221;left&#8221; text_orientation_last_edited=&#8221;on|tablet&#8221; global_colors_info=&#8221;{}&#8221;]<\/p>\n<h2>Sucre<\/h2>\n<p>Le sucre Notadolce Professional est produit selon un processus m\u00e9ticuleux et respectueux de la <strong>qualit\u00e9<\/strong> des mati\u00e8res premi\u00e8res.<\/p>\n<p>[\/et_pb_text][et_pb_text _builder_version=&#8221;4.21.0&#8243; _module_preset=&#8221;default&#8221; header_5_font=&#8221;|700|||||||&#8221; custom_padding=&#8221;|||20px|false|false&#8221; border_width_left=&#8221;8px&#8221; border_color_left=&#8221;#dc0814&#8243; global_colors_info=&#8221;{}&#8221;]<\/p>\n<h4><strong>Cat. I<\/strong><\/h4>\n<p>(BB 1,2 t, BB 1 t, en gros, sacs de 25 kg)<\/p>\n<p>[\/et_pb_text][et_pb_text _builder_version=&#8221;4.21.0&#8243; _module_preset=&#8221;default&#8221; header_5_font=&#8221;|700|||||||&#8221; custom_padding=&#8221;|||20px|false|false&#8221; border_width_left=&#8221;8px&#8221; border_color_left=&#8221;#dc0814&#8243; global_colors_info=&#8221;{}&#8221;]<\/p>\n<h4>Cat. II &#8211; Haute qualit\u00e9<\/h4>\n<p>(BB 1,2 t, BB 1 t, BB 0,5 t, sacs de 50 kg et 25 kg)<\/p>\n<p>[\/et_pb_text][et_pb_text _builder_version=&#8221;4.21.0&#8243; _module_preset=&#8221;default&#8221; header_5_font=&#8221;|700|||||||&#8221; custom_padding=&#8221;|||20px|false|false&#8221; hover_enabled=&#8221;0&#8243; border_width_left=&#8221;8px&#8221; border_color_left=&#8221;#dc0814&#8243; global_colors_info=&#8221;{}&#8221; sticky_enabled=&#8221;0&#8243;]<\/p>\n<h4>Cat. II \u2013 Extra fine<\/h4>\n<p>(BB 1,2 t, BB 1t, sacs de 25 kg)<\/p>\n<p>[\/et_pb_text][\/et_pb_column][et_pb_column type=&#8221;1_2&#8243; _builder_version=&#8221;4.21.0&#8243; _module_preset=&#8221;default&#8221; global_colors_info=&#8221;{}&#8221;][et_pb_image src=&#8221;https:\/\/eurosrb.com\/wp-content\/uploads\/2023\/06\/notadolce_zucchero.png&#8221; title_text=&#8221;notadolce_zucchero&#8221; disabled_on=&#8221;on|on|off&#8221; _builder_version=&#8221;4.21.0&#8243; _module_preset=&#8221;default&#8221; custom_padding=&#8221;|||100px|false|false&#8221; global_colors_info=&#8221;{}&#8221;][\/et_pb_image][\/et_pb_column][\/et_pb_row][et_pb_row column_structure=&#8221;1_2,1_2&#8243; _builder_version=&#8221;4.21.0&#8243; _module_preset=&#8221;default&#8221; max_width=&#8221;1350px&#8221; global_colors_info=&#8221;{}&#8221;][et_pb_column type=&#8221;1_2&#8243; _builder_version=&#8221;4.21.0&#8243; _module_preset=&#8221;default&#8221; global_colors_info=&#8221;{}&#8221;][et_pb_image src=&#8221;https:\/\/eurosrb.com\/wp-content\/uploads\/2023\/07\/notadolce_professional_fairtrade.png&#8221; title_text=&#8221;notadolce_professional_fairtrade&#8221; _builder_version=&#8221;4.21.0&#8243; _module_preset=&#8221;default&#8221; custom_padding=&#8221;|100px|||false|false&#8221; custom_padding_tablet=&#8221;|0px|||false|false&#8221; custom_padding_phone=&#8221;|0px|||false|false&#8221; custom_padding_last_edited=&#8221;on|tablet&#8221; global_colors_info=&#8221;{}&#8221;][\/et_pb_image][\/et_pb_column][et_pb_column type=&#8221;1_2&#8243; _builder_version=&#8221;4.21.0&#8243; _module_preset=&#8221;default&#8221; global_colors_info=&#8221;{}&#8221;][et_pb_text _builder_version=&#8221;4.21.0&#8243; _module_preset=&#8221;default&#8221; header_font=&#8221;||||||||&#8221; header_2_line_height=&#8221;1.25em&#8221; header_3_font_size=&#8221;48px&#8221; header_3_line_height=&#8221;1.25em&#8221; header_4_text_color=&#8221;#dc0814&#8243; header_4_font_size=&#8221;20px&#8221; header_4_line_height=&#8221;1.5em&#8221; custom_padding=&#8221;||0px|||&#8221; global_colors_info=&#8221;{}&#8221;]<\/p>\n<h2>Fairtrade<\/h2>\n<p>Le sucre Fairtrade est produit dans le <strong>plus grand respect<\/strong> du travail des agriculteurs et des cultures des pays d\u2019o\u00f9 proviennent les mati\u00e8res premi\u00e8res. Notre engagement est <strong>certifi\u00e9<\/strong> par l\u2019organisation internationale du m\u00eame nom.<\/p>\n<p>[\/et_pb_text][et_pb_text _builder_version=&#8221;4.21.0&#8243; _module_preset=&#8221;default&#8221; header_5_font=&#8221;|700|||||||&#8221; custom_padding=&#8221;|||20px|false|false&#8221; border_width_left=&#8221;8px&#8221; border_color_left=&#8221;#dc0814&#8243; global_colors_info=&#8221;{}&#8221;]<\/p>\n<h4><strong>Cat. I<\/strong><\/h4>\n<p>(BB 1,2t)<\/p>\n<p>[\/et_pb_text][et_pb_text _builder_version=&#8221;4.21.0&#8243; _module_preset=&#8221;default&#8221; header_5_font=&#8221;|700|||||||&#8221; custom_padding=&#8221;|||20px|false|false&#8221; border_width_left=&#8221;8px&#8221; border_color_left=&#8221;#dc0814&#8243; global_colors_info=&#8221;{}&#8221;]<\/p>\n<h4>Cat. II<\/h4>\n<p>(BB 1,2 t, BB 1t, sacs de 25 kg)<\/p>\n<p>[\/et_pb_text][\/et_pb_column][\/et_pb_row][et_pb_row column_structure=&#8221;1_2,1_2&#8243; _builder_version=&#8221;4.21.0&#8243; _module_preset=&#8221;default&#8221; max_width=&#8221;1350px&#8221; global_colors_info=&#8221;{}&#8221;][et_pb_column type=&#8221;1_2&#8243; _builder_version=&#8221;4.21.0&#8243; _module_preset=&#8221;default&#8221; global_colors_info=&#8221;{}&#8221;][et_pb_image src=&#8221;https:\/\/eurosrb.com\/wp-content\/uploads\/2023\/06\/notadolce_pro_terra.png&#8221; title_text=&#8221;notadolce_pro_terra&#8221; align=&#8221;center&#8221; disabled_on=&#8221;off|off|on&#8221; _builder_version=&#8221;4.21.0&#8243; _module_preset=&#8221;default&#8221; custom_padding=&#8221;||||false|false&#8221; global_colors_info=&#8221;{}&#8221;][\/et_pb_image][et_pb_text _builder_version=&#8221;4.21.0&#8243; _module_preset=&#8221;default&#8221; header_font=&#8221;||||||||&#8221; header_2_line_height=&#8221;1.25em&#8221; header_3_font_size=&#8221;48px&#8221; header_3_line_height=&#8221;1.25em&#8221; header_4_text_color=&#8221;#dc0814&#8243; header_4_font_size=&#8221;20px&#8221; header_4_line_height=&#8221;1.5em&#8221; global_colors_info=&#8221;{}&#8221;]<\/p>\n<h2>ProTerra<\/h2>\n<p>Le sucre certifi\u00e9 ProTerra est produit de mani\u00e8re <strong>durable et sans organismes g\u00e9n\u00e9tiquement modifi\u00e9s<\/strong>.<\/p>\n<p>[\/et_pb_text][et_pb_text _builder_version=&#8221;4.21.0&#8243; _module_preset=&#8221;default&#8221; header_5_font=&#8221;|700|||||||&#8221; custom_padding=&#8221;|||20px|false|false&#8221; border_width_left=&#8221;8px&#8221; border_color_left=&#8221;#dc0814&#8243; global_colors_info=&#8221;{}&#8221;]<\/p>\n<h4><strong>Cat. I<\/strong><\/h4>\n<p>(BB 1,2 t, en gros)<\/p>\n<p>[\/et_pb_text][\/et_pb_column][et_pb_column type=&#8221;1_2&#8243; _builder_version=&#8221;4.21.0&#8243; _module_preset=&#8221;default&#8221; global_colors_info=&#8221;{}&#8221;][et_pb_image src=&#8221;https:\/\/eurosrb.com\/wp-content\/uploads\/2023\/06\/notadolce_pro_terra.png&#8221; title_text=&#8221;notadolce_pro_terra&#8221; disabled_on=&#8221;on|on|off&#8221; _builder_version=&#8221;4.21.0&#8243; _module_preset=&#8221;default&#8221; custom_padding=&#8221;|||100px|false|false&#8221; global_colors_info=&#8221;{}&#8221;][\/et_pb_image][\/et_pb_column][\/et_pb_row][\/et_pb_section][et_pb_section fb_built=&#8221;1&#8243; _builder_version=&#8221;4.21.0&#8243; _module_preset=&#8221;default&#8221; global_colors_info=&#8221;{}&#8221;][et_pb_row _builder_version=&#8221;4.21.0&#8243; _module_preset=&#8221;default&#8221; max_width=&#8221;1350px&#8221; global_colors_info=&#8221;{}&#8221;][et_pb_column type=&#8221;4_4&#8243; _builder_version=&#8221;4.21.0&#8243; _module_preset=&#8221;default&#8221; background_image=&#8221;https:\/\/eurosrb.com\/wp-content\/uploads\/2023\/06\/sfondo_cta.png&#8221; background_size=&#8221;custom&#8221; background_image_width=&#8221;101%&#8221; background_image_height=&#8221;101%&#8221; custom_padding=&#8221;100px||100px||false|false&#8221; custom_padding_tablet=&#8221;&#8221; custom_padding_phone=&#8221;40px|15px|40px|15px|false|false&#8221; custom_padding_last_edited=&#8221;on|phone&#8221; background_last_edited=&#8221;on|tablet&#8221; background_size_tablet=&#8221;cover&#8221; background_size_phone=&#8221;cover&#8221; background_position_tablet=&#8221;center&#8221; background_position_phone=&#8221;center_right&#8221; border_radii=&#8221;on|30px|30px|30px|30px&#8221; global_colors_info=&#8221;{}&#8221;][et_pb_text _builder_version=&#8221;4.21.0&#8243; _module_preset=&#8221;default&#8221; header_font=&#8221;||||||||&#8221; header_3_font_size=&#8221;48px&#8221; header_3_line_height=&#8221;1.25em&#8221; text_orientation=&#8221;center&#8221; background_layout=&#8221;dark&#8221; border_color_right=&#8221;rgba(0,0,0,0.18)&#8221; global_colors_info=&#8221;{}&#8221;]<\/p>\n<h2>Contactez-nous, nous sommes l\u00e0 <br \/>pour vous<\/h2>\n<p>Pour plus d\u2019informations sur nos produits et services, n\u2019h\u00e9sitez pas \u00e0 nous \u00e9crire ou \u00e0 nous t\u00e9l\u00e9phoner.<\/p>\n<p>Nous sommes toujours \u00e0 l\u2019\u00e9coute.<\/p>\n<p>[\/et_pb_text][et_pb_button button_url=&#8221;@ET-DC@eyJkeW5hbWljIjp0cnVlLCJjb250ZW50IjoicG9zdF9saW5rX3VybF9wYWdlIiwic2V0dGluZ3MiOnsicG9zdF9pZCI6IjgyIn19@&#8221; button_text=&#8221;Contactez-nous&#8221; button_alignment=&#8221;center&#8221; _builder_version=&#8221;4.21.0&#8243; _dynamic_attributes=&#8221;button_url&#8221; _module_preset=&#8221;default&#8221; custom_button=&#8221;on&#8221; button_text_color=&#8221;#22317f&#8221; button_bg_color=&#8221;#FFFFFF&#8221; custom_padding=&#8221;16px|16px|16px|16px|false|false&#8221; global_colors_info=&#8221;{}&#8221;][\/et_pb_button][\/et_pb_column][\/et_pb_row][\/et_pb_section]<\/p>\n","protected":false},"excerpt":{"rendered":"<p><div class=\"breadcrumbs_list\"><a href=\"https:\/\/eurosrb.com\">SRB<\/a> > <a href='https:\/\/eurosrb.com\/fr\/ce-que-nous-faisons\/'>Ce que nous faisons<\/a> > <\/div>Nous sommes les fournisseurs que vous cherchez Notre offre pour le secteur industriel se divise en deux cat\u00e9gories de sucre, propos\u00e9es en plusieurs formats et porteuses de diff\u00e9rentes certifications concernant les mati\u00e8res premi\u00e8res. Vous n\u2019avez qu\u2019\u00e0 choisir. &nbsp;NOTADOLCE PROFESSIONAL Tout pour vous permettre de choisir le meilleur Approvisionnement, transformation, emballage : toutes ces \u00e9tapes sont [&hellip;]<\/p>\n","protected":false},"author":3,"featured_media":0,"parent":718,"menu_order":0,"comment_status":"closed","ping_status":"closed","template":"","meta":{"_et_pb_use_builder":"on","_et_pb_old_content":"","_et_gb_content_width":"","inline_featured_image":false,"footnotes":""},"class_list":["post-725","page","type-page","status-publish","hentry"],"yoast_head":"<!-- This site is optimized with the Yoast SEO plugin v24.7 - https:\/\/yoast.com\/wordpress\/plugins\/seo\/ -->\n<title>Notadolce Professional - Sucrerie B2B | SRB<\/title>\n<meta name=\"description\" content=\"Sucre pour les industries alimentaires: approvisionnement, production, conditionnement et approvisionnement certifi\u00e9s. D\u00e9couvrez les produits Notadolce pour l&#039;industrie!\" \/>\n<meta name=\"robots\" content=\"index, follow, max-snippet:-1, max-image-preview:large, max-video-preview:-1\" \/>\n<link rel=\"canonical\" href=\"https:\/\/eurosrb.com\/fr\/ce-que-nous-faisons\/notadolce-professional\/\" \/>\n<meta property=\"og:locale\" content=\"fr_FR\" \/>\n<meta property=\"og:type\" content=\"article\" \/>\n<meta property=\"og:title\" content=\"Notadolce Professional - Sucrerie B2B | SRB\" \/>\n<meta property=\"og:description\" content=\"Sucre pour les industries alimentaires: approvisionnement, production, conditionnement et approvisionnement certifi\u00e9s. D\u00e9couvrez les produits Notadolce pour l&#039;industrie!\" \/>\n<meta property=\"og:url\" content=\"https:\/\/eurosrb.com\/fr\/ce-que-nous-faisons\/notadolce-professional\/\" \/>\n<meta property=\"og:site_name\" content=\"SRB\" \/>\n<meta property=\"article:publisher\" content=\"https:\/\/www.facebook.com\/zuccherosrb\" \/>\n<meta property=\"article:modified_time\" content=\"2023-09-12T08:40:29+00:00\" \/>\n<meta property=\"og:image\" content=\"https:\/\/eurosrb.com\/wp-content\/uploads\/2023\/06\/notizia_siamoqui-scaled.jpg\" \/>\n\t<meta property=\"og:image:width\" content=\"2560\" \/>\n\t<meta property=\"og:image:height\" content=\"1396\" \/>\n\t<meta property=\"og:image:type\" content=\"image\/jpeg\" \/>\n<meta name=\"twitter:card\" content=\"summary_large_image\" \/>\n<meta name=\"twitter:label1\" content=\"Est. reading time\" \/>\n\t<meta name=\"twitter:data1\" content=\"8 minutes\" \/>\n<script type=\"application\/ld+json\" class=\"yoast-schema-graph\">{\"@context\":\"https:\/\/schema.org\",\"@graph\":[{\"@type\":\"WebPage\",\"@id\":\"https:\/\/eurosrb.com\/fr\/ce-que-nous-faisons\/notadolce-professional\/\",\"url\":\"https:\/\/eurosrb.com\/fr\/ce-que-nous-faisons\/notadolce-professional\/\",\"name\":\"Notadolce Professional - Sucrerie B2B | SRB\",\"isPartOf\":{\"@id\":\"https:\/\/eurosrb.com\/fr\/#website\"},\"datePublished\":\"2023-06-20T07:31:02+00:00\",\"dateModified\":\"2023-09-12T08:40:29+00:00\",\"description\":\"Sucre pour les industries alimentaires: approvisionnement, production, conditionnement et approvisionnement certifi\u00e9s. D\u00e9couvrez les produits Notadolce pour l'industrie!\",\"breadcrumb\":{\"@id\":\"https:\/\/eurosrb.com\/fr\/ce-que-nous-faisons\/notadolce-professional\/#breadcrumb\"},\"inLanguage\":\"fr-FR\",\"potentialAction\":[{\"@type\":\"ReadAction\",\"target\":[\"https:\/\/eurosrb.com\/fr\/ce-que-nous-faisons\/notadolce-professional\/\"]}]},{\"@type\":\"BreadcrumbList\",\"@id\":\"https:\/\/eurosrb.com\/fr\/ce-que-nous-faisons\/notadolce-professional\/#breadcrumb\",\"itemListElement\":[{\"@type\":\"ListItem\",\"position\":1,\"name\":\"Home\",\"item\":\"https:\/\/eurosrb.com\/fr\/\"},{\"@type\":\"ListItem\",\"position\":2,\"name\":\"Ce que nous faisons\",\"item\":\"https:\/\/eurosrb.com\/fr\/cosa-facciamo\/\"},{\"@type\":\"ListItem\",\"position\":3,\"name\":\"Notadolce Professional\"}]},{\"@type\":\"WebSite\",\"@id\":\"https:\/\/eurosrb.com\/fr\/#website\",\"url\":\"https:\/\/eurosrb.com\/fr\/\",\"name\":\"SRB S.p.A.\",\"description\":\"Siamo a Brindisi, e siamo la pi\u00f9 grande raffineria di zucchero da canna in Italia.\",\"publisher\":{\"@id\":\"https:\/\/eurosrb.com\/fr\/#organization\"},\"alternateName\":\"Zuccherificio SRB\",\"potentialAction\":[{\"@type\":\"SearchAction\",\"target\":{\"@type\":\"EntryPoint\",\"urlTemplate\":\"https:\/\/eurosrb.com\/fr\/?s={search_term_string}\"},\"query-input\":{\"@type\":\"PropertyValueSpecification\",\"valueRequired\":true,\"valueName\":\"search_term_string\"}}],\"inLanguage\":\"fr-FR\"},{\"@type\":\"Organization\",\"@id\":\"https:\/\/eurosrb.com\/fr\/#organization\",\"name\":\"SRB S.p.A.\",\"alternateName\":\"Zuccherificio SRB\",\"url\":\"https:\/\/eurosrb.com\/fr\/\",\"logo\":{\"@type\":\"ImageObject\",\"inLanguage\":\"fr-FR\",\"@id\":\"https:\/\/eurosrb.com\/fr\/#\/schema\/logo\/image\/\",\"url\":\"https:\/\/eurosrb.com\/wp-content\/uploads\/2023\/06\/logo-eurosrb.png\",\"contentUrl\":\"https:\/\/eurosrb.com\/wp-content\/uploads\/2023\/06\/logo-eurosrb.png\",\"width\":264,\"height\":172,\"caption\":\"SRB S.p.A.\"},\"image\":{\"@id\":\"https:\/\/eurosrb.com\/fr\/#\/schema\/logo\/image\/\"},\"sameAs\":[\"https:\/\/www.facebook.com\/zuccherosrb\",\"https:\/\/www.linkedin.com\/company\/eurosrb\/\"]}]}<\/script>\n<!-- \/ Yoast SEO plugin. -->","yoast_head_json":{"title":"Notadolce Professional - Sucrerie B2B | SRB","description":"Sucre pour les industries alimentaires: approvisionnement, production, conditionnement et approvisionnement certifi\u00e9s. D\u00e9couvrez les produits Notadolce pour l'industrie!","robots":{"index":"index","follow":"follow","max-snippet":"max-snippet:-1","max-image-preview":"max-image-preview:large","max-video-preview":"max-video-preview:-1"},"canonical":"https:\/\/eurosrb.com\/fr\/ce-que-nous-faisons\/notadolce-professional\/","og_locale":"fr_FR","og_type":"article","og_title":"Notadolce Professional - Sucrerie B2B | SRB","og_description":"Sucre pour les industries alimentaires: approvisionnement, production, conditionnement et approvisionnement certifi\u00e9s. D\u00e9couvrez les produits Notadolce pour l'industrie!","og_url":"https:\/\/eurosrb.com\/fr\/ce-que-nous-faisons\/notadolce-professional\/","og_site_name":"SRB","article_publisher":"https:\/\/www.facebook.com\/zuccherosrb","article_modified_time":"2023-09-12T08:40:29+00:00","og_image":[{"width":2560,"height":1396,"url":"https:\/\/eurosrb.com\/wp-content\/uploads\/2023\/06\/notizia_siamoqui-scaled.jpg","type":"image\/jpeg"}],"twitter_card":"summary_large_image","twitter_misc":{"Est. reading time":"8 minutes"},"schema":{"@context":"https:\/\/schema.org","@graph":[{"@type":"WebPage","@id":"https:\/\/eurosrb.com\/fr\/ce-que-nous-faisons\/notadolce-professional\/","url":"https:\/\/eurosrb.com\/fr\/ce-que-nous-faisons\/notadolce-professional\/","name":"Notadolce Professional - Sucrerie B2B | SRB","isPartOf":{"@id":"https:\/\/eurosrb.com\/fr\/#website"},"datePublished":"2023-06-20T07:31:02+00:00","dateModified":"2023-09-12T08:40:29+00:00","description":"Sucre pour les industries alimentaires: approvisionnement, production, conditionnement et approvisionnement certifi\u00e9s. D\u00e9couvrez les produits Notadolce pour l'industrie!","breadcrumb":{"@id":"https:\/\/eurosrb.com\/fr\/ce-que-nous-faisons\/notadolce-professional\/#breadcrumb"},"inLanguage":"fr-FR","potentialAction":[{"@type":"ReadAction","target":["https:\/\/eurosrb.com\/fr\/ce-que-nous-faisons\/notadolce-professional\/"]}]},{"@type":"BreadcrumbList","@id":"https:\/\/eurosrb.com\/fr\/ce-que-nous-faisons\/notadolce-professional\/#breadcrumb","itemListElement":[{"@type":"ListItem","position":1,"name":"Home","item":"https:\/\/eurosrb.com\/fr\/"},{"@type":"ListItem","position":2,"name":"Ce que nous faisons","item":"https:\/\/eurosrb.com\/fr\/cosa-facciamo\/"},{"@type":"ListItem","position":3,"name":"Notadolce Professional"}]},{"@type":"WebSite","@id":"https:\/\/eurosrb.com\/fr\/#website","url":"https:\/\/eurosrb.com\/fr\/","name":"SRB S.p.A.","description":"Siamo a Brindisi, e siamo la pi\u00f9 grande raffineria di zucchero da canna in Italia.","publisher":{"@id":"https:\/\/eurosrb.com\/fr\/#organization"},"alternateName":"Zuccherificio SRB","potentialAction":[{"@type":"SearchAction","target":{"@type":"EntryPoint","urlTemplate":"https:\/\/eurosrb.com\/fr\/?s={search_term_string}"},"query-input":{"@type":"PropertyValueSpecification","valueRequired":true,"valueName":"search_term_string"}}],"inLanguage":"fr-FR"},{"@type":"Organization","@id":"https:\/\/eurosrb.com\/fr\/#organization","name":"SRB S.p.A.","alternateName":"Zuccherificio SRB","url":"https:\/\/eurosrb.com\/fr\/","logo":{"@type":"ImageObject","inLanguage":"fr-FR","@id":"https:\/\/eurosrb.com\/fr\/#\/schema\/logo\/image\/","url":"https:\/\/eurosrb.com\/wp-content\/uploads\/2023\/06\/logo-eurosrb.png","contentUrl":"https:\/\/eurosrb.com\/wp-content\/uploads\/2023\/06\/logo-eurosrb.png","width":264,"height":172,"caption":"SRB S.p.A."},"image":{"@id":"https:\/\/eurosrb.com\/fr\/#\/schema\/logo\/image\/"},"sameAs":["https:\/\/www.facebook.com\/zuccherosrb","https:\/\/www.linkedin.com\/company\/eurosrb\/"]}]}},"_links":{"self":[{"href":"https:\/\/eurosrb.com\/fr\/wp-json\/wp\/v2\/pages\/725","targetHints":{"allow":["GET"]}}],"collection":[{"href":"https:\/\/eurosrb.com\/fr\/wp-json\/wp\/v2\/pages"}],"about":[{"href":"https:\/\/eurosrb.com\/fr\/wp-json\/wp\/v2\/types\/page"}],"author":[{"embeddable":true,"href":"https:\/\/eurosrb.com\/fr\/wp-json\/wp\/v2\/users\/3"}],"replies":[{"embeddable":true,"href":"https:\/\/eurosrb.com\/fr\/wp-json\/wp\/v2\/comments?post=725"}],"version-history":[{"count":9,"href":"https:\/\/eurosrb.com\/fr\/wp-json\/wp\/v2\/pages\/725\/revisions"}],"predecessor-version":[{"id":1270,"href":"https:\/\/eurosrb.com\/fr\/wp-json\/wp\/v2\/pages\/725\/revisions\/1270"}],"up":[{"embeddable":true,"href":"https:\/\/eurosrb.com\/fr\/wp-json\/wp\/v2\/pages\/718"}],"wp:attachment":[{"href":"https:\/\/eurosrb.com\/fr\/wp-json\/wp\/v2\/media?parent=725"}],"curies":[{"name":"wp","href":"https:\/\/api.w.org\/{rel}","templated":true}]}}