{"id":732,"date":"2023-06-16T07:17:21","date_gmt":"2023-06-16T07:17:21","guid":{"rendered":"https:\/\/eurosrb.com\/ce-que-nous-faisons\/certifications\/"},"modified":"2024-01-30T09:30:36","modified_gmt":"2024-01-30T09:30:36","slug":"certifications","status":"publish","type":"page","link":"https:\/\/eurosrb.com\/fr\/ce-que-nous-faisons\/certifications\/","title":{"rendered":"Certifications"},"content":{"rendered":"<p>[et_pb_section fb_built=&#8221;1&#8243; module_class=&#8221;title_bar&#8221; _builder_version=&#8221;4.21.0&#8243; _module_preset=&#8221;default&#8221; background_image=&#8221;https:\/\/eurosrb.com\/wp-content\/uploads\/2023\/07\/bg_certificazioni.jpg&#8221; global_colors_info=&#8221;{}&#8221;][et_pb_row _builder_version=&#8221;4.21.0&#8243; _module_preset=&#8221;default&#8221; global_colors_info=&#8221;{}&#8221;][et_pb_column type=&#8221;4_4&#8243; _builder_version=&#8221;4.21.0&#8243; _module_preset=&#8221;default&#8221; global_colors_info=&#8221;{}&#8221;][et_pb_post_title meta=&#8221;off&#8221; featured_image=&#8221;off&#8221; _builder_version=&#8221;4.21.0&#8243; _module_preset=&#8221;default&#8221; title_text_align=&#8221;center&#8221; global_colors_info=&#8221;{}&#8221;][\/et_pb_post_title][et_pb_text _builder_version=&#8221;4.21.0&#8243; _module_preset=&#8221;default&#8221; global_colors_info=&#8221;{}&#8221;]<\/p>\n<div class=\"breadcrumbs_list\"><a href=\"https:\/\/eurosrb.com\">SRB<\/a> > <a href='https:\/\/eurosrb.com\/fr\/ce-que-nous-faisons\/'>Ce que nous faisons<\/a> > <\/div>\n<p>[\/et_pb_text][\/et_pb_column][\/et_pb_row][\/et_pb_section][et_pb_section fb_built=&#8221;1&#8243; _builder_version=&#8221;4.21.0&#8243; _module_preset=&#8221;default&#8221; custom_padding=&#8221;||1px|||&#8221; global_colors_info=&#8221;{}&#8221;][et_pb_row _builder_version=&#8221;4.21.0&#8243; _module_preset=&#8221;default&#8221; max_width=&#8221;1350px&#8221; global_colors_info=&#8221;{}&#8221;][et_pb_column type=&#8221;4_4&#8243; _builder_version=&#8221;4.21.0&#8243; _module_preset=&#8221;default&#8221; global_colors_info=&#8221;{}&#8221;][et_pb_text _builder_version=&#8221;4.21.0&#8243; _module_preset=&#8221;default&#8221; header_font=&#8221;||||||||&#8221; header_2_line_height=&#8221;1.25em&#8221; header_3_font_size=&#8221;48px&#8221; header_3_line_height=&#8221;1.25em&#8221; header_4_text_color=&#8221;#dc0814&#8243; header_4_font_size=&#8221;20px&#8221; header_4_line_height=&#8221;1.5em&#8221; text_orientation=&#8221;center&#8221; width=&#8221;1050px&#8221; max_width=&#8221;100%&#8221; module_alignment=&#8221;center&#8221; global_colors_info=&#8221;{}&#8221;]<\/p>\n<h2>Nous sommes certifi\u00e9s<\/h2>\n<p>Voici nos certifications relatives aux <strong>sp\u00e9cificit\u00e9s<\/strong> de nos produits, \u00e0 l\u2019<strong>approvisionnement<\/strong> \u00e9thique en mati\u00e8res premi\u00e8res, \u00e0 la production <strong>durable<\/strong>, \u00e0 la s\u00e9curit\u00e9 alimentaire et \u00e0 la gestion des <strong>processus<\/strong>.<\/p>\n<p>[\/et_pb_text][\/et_pb_column][\/et_pb_row][\/et_pb_section][et_pb_section fb_built=&#8221;1&#8243; _builder_version=&#8221;4.21.0&#8243; _module_preset=&#8221;default&#8221; global_colors_info=&#8221;{}&#8221;][et_pb_row column_structure=&#8221;1_3,1_3,1_3&#8243; _builder_version=&#8221;4.21.0&#8243; _module_preset=&#8221;default&#8221; max_width=&#8221;1350px&#8221; global_colors_info=&#8221;{}&#8221;][et_pb_column type=&#8221;1_3&#8243; _builder_version=&#8221;4.21.0&#8243; _module_preset=&#8221;default&#8221; global_colors_info=&#8221;{}&#8221;][et_pb_blurb title=&#8221;Certification Fairtrade&#8221; url_new_window=&#8221;on&#8221; image=&#8221;https:\/\/eurosrb.com\/wp-content\/uploads\/2023\/06\/fairtrade.png&#8221; image_icon_width=&#8221;150px&#8221; icon_alignment=&#8221;left&#8221; module_class=&#8221;box_homepage highlighted&#8221; _builder_version=&#8221;4.21.0&#8243; _module_preset=&#8221;default&#8221; link_option_url=&#8221;\/wp-content\/uploads\/2023\/06\/Faitrade-Certificate-2020-2024.pdf&#8221; link_option_url_new_window=&#8221;on&#8221; global_colors_info=&#8221;{}&#8221;]<\/p>\n<p>Approvisionnement \u00e9thique<\/p>\n<p>[\/et_pb_blurb][\/et_pb_column][et_pb_column type=&#8221;1_3&#8243; _builder_version=&#8221;4.21.0&#8243; _module_preset=&#8221;default&#8221; global_colors_info=&#8221;{}&#8221;][et_pb_blurb title=&#8221;Certification ProTerra&#8221; image=&#8221;https:\/\/eurosrb.com\/wp-content\/uploads\/2023\/06\/Pro_Terra_Logo_400x400.png&#8221; image_icon_width=&#8221;150px&#8221; icon_alignment=&#8221;left&#8221; module_class=&#8221;box_homepage&#8221; _builder_version=&#8221;4.21.0&#8243; _module_preset=&#8221;default&#8221; link_option_url=&#8221;\/wp-content\/uploads\/2023\/06\/SRB-ProTerra-Certificate.pdf&#8221; link_option_url_new_window=&#8221;on&#8221; global_colors_info=&#8221;{}&#8221;]<\/p>\n<p>Approvisionnement durable<\/p>\n<p>[\/et_pb_blurb][\/et_pb_column][et_pb_column type=&#8221;1_3&#8243; _builder_version=&#8221;4.21.0&#8243; _module_preset=&#8221;default&#8221; global_colors_info=&#8221;{}&#8221;][et_pb_blurb title=&#8221;Certification Halal&#8221; image=&#8221;https:\/\/eurosrb.com\/wp-content\/uploads\/2023\/06\/logo-halal.jpg&#8221; image_icon_width=&#8221;150px&#8221; icon_alignment=&#8221;left&#8221; module_class=&#8221;box_homepage&#8221; _builder_version=&#8221;4.21.0&#8243; _module_preset=&#8221;default&#8221; link_option_url=&#8221;\/wp-content\/uploads\/2024\/01\/HQC-Halal-certificate_AT10110100209_srb.pdf&#8221; link_option_url_new_window=&#8221;on&#8221; global_colors_info=&#8221;{}&#8221;]<\/p>\n<p>Normes alimentaires musulmanes<\/p>\n<p>[\/et_pb_blurb][\/et_pb_column][\/et_pb_row][et_pb_row column_structure=&#8221;1_3,1_3,1_3&#8243; _builder_version=&#8221;4.21.0&#8243; _module_preset=&#8221;default&#8221; max_width=&#8221;1350px&#8221; min_height=&#8221;451.8px&#8221; custom_padding=&#8221;||0px|||&#8221; global_colors_info=&#8221;{}&#8221;][et_pb_column type=&#8221;1_3&#8243; _builder_version=&#8221;4.21.0&#8243; _module_preset=&#8221;default&#8221; global_colors_info=&#8221;{}&#8221;][et_pb_blurb title=&#8221;Certification Kosher&#8221; image=&#8221;https:\/\/eurosrb.com\/wp-content\/uploads\/2023\/06\/siks-logo.jpg&#8221; image_icon_width=&#8221;150px&#8221; icon_alignment=&#8221;left&#8221; module_class=&#8221;box_homepage&#8221; _builder_version=&#8221;4.21.0&#8243; _module_preset=&#8221;default&#8221; link_option_url=&#8221;\/wp-content\/uploads\/2024\/01\/SRB-spa-2023.pdf&#8221; link_option_url_new_window=&#8221;on&#8221; global_colors_info=&#8221;{}&#8221;]<\/p>\n<p>Normes alimentaires juives<\/p>\n<p>[\/et_pb_blurb][et_pb_blurb title=&#8221;Certification ISO 9001:2015&#8243; url_new_window=&#8221;on&#8221; image=&#8221;https:\/\/eurosrb.com\/wp-content\/uploads\/2023\/06\/EnvironmentalSysCert_ISO14001_col.png&#8221; image_icon_width=&#8221;150px&#8221; icon_alignment=&#8221;left&#8221; module_class=&#8221;box_homepage&#8221; _builder_version=&#8221;4.21.0&#8243; _module_preset=&#8221;default&#8221; link_option_url=&#8221;https:\/\/eurosrb.com\/wp-content\/uploads\/2024\/01\/ISO-9001-C609245-0-it-IT-20231228-20240108070446-1.pdf&#8221; link_option_url_new_window=&#8221;on&#8221; hover_enabled=&#8221;0&#8243; global_colors_info=&#8221;{}&#8221; sticky_enabled=&#8221;0&#8243;]<\/p>\n<p style=\"font-weight: 400;\">Syst\u00e8me de gestion de la qualit\u00e9<\/p>\n<p>[\/et_pb_blurb][\/et_pb_column][et_pb_column type=&#8221;1_3&#8243; _builder_version=&#8221;4.21.0&#8243; _module_preset=&#8221;default&#8221; global_colors_info=&#8221;{}&#8221;][et_pb_blurb title=&#8221;Certification FSSC 2000&#8243; url_new_window=&#8221;on&#8221; image=&#8221;https:\/\/eurosrb.com\/wp-content\/uploads\/2023\/06\/FoodSafetySysCert_FSSC22000_col@2x.png&#8221; image_icon_width=&#8221;150px&#8221; icon_alignment=&#8221;left&#8221; module_class=&#8221;box_homepage&#8221; _builder_version=&#8221;4.21.0&#8243; _module_preset=&#8221;default&#8221; link_option_url=&#8221;\/wp-content\/uploads\/2024\/01\/PDF-2023-RC-C593367-20230719-20230719082700.pdf&#8221; link_option_url_new_window=&#8221;on&#8221; global_colors_info=&#8221;{}&#8221;]<\/p>\n<p>S\u00e9curit\u00e9 alimentaire<\/p>\n<p>[\/et_pb_blurb][\/et_pb_column][et_pb_column type=&#8221;1_3&#8243; _builder_version=&#8221;4.21.0&#8243; _module_preset=&#8221;default&#8221; global_colors_info=&#8221;{}&#8221;][et_pb_blurb title=&#8221;Certification ISO 14001:2015&#8243; url_new_window=&#8221;on&#8221; image=&#8221;https:\/\/eurosrb.com\/wp-content\/uploads\/2023\/06\/EnvironmentalSysCert_ISO14001_col.png&#8221; image_icon_width=&#8221;150px&#8221; icon_alignment=&#8221;left&#8221; module_class=&#8221;box_homepage&#8221; _builder_version=&#8221;4.21.0&#8243; _module_preset=&#8221;default&#8221; link_option_url=&#8221;\/wp-content\/uploads\/2023\/06\/ISO-14001-171019-2015-AE-ITA-ACCREDIA-3-en-US-20210216-20210216143132.pdf&#8221; link_option_url_new_window=&#8221;on&#8221; global_colors_info=&#8221;{}&#8221;]<\/p>\n<p>Syst\u00e8me de management environnemental<\/p>\n<p>[\/et_pb_blurb][\/et_pb_column][\/et_pb_row][\/et_pb_section][et_pb_section fb_built=&#8221;1&#8243; _builder_version=&#8221;4.21.0&#8243; _module_preset=&#8221;default&#8221; global_colors_info=&#8221;{}&#8221;][et_pb_row _builder_version=&#8221;4.21.0&#8243; _module_preset=&#8221;default&#8221; max_width=&#8221;1350px&#8221; global_colors_info=&#8221;{}&#8221;][et_pb_column type=&#8221;4_4&#8243; _builder_version=&#8221;4.21.0&#8243; _module_preset=&#8221;default&#8221; background_image=&#8221;https:\/\/eurosrb.com\/wp-content\/uploads\/2023\/06\/sfondo_cta.png&#8221; background_size=&#8221;custom&#8221; background_image_width=&#8221;101%&#8221; background_image_height=&#8221;101%&#8221; custom_padding=&#8221;100px||100px||false|false&#8221; custom_padding_tablet=&#8221;&#8221; custom_padding_phone=&#8221;40px|15px|40px|15px|false|false&#8221; custom_padding_last_edited=&#8221;on|phone&#8221; background_last_edited=&#8221;on|tablet&#8221; background_size_tablet=&#8221;cover&#8221; background_size_phone=&#8221;cover&#8221; background_position_tablet=&#8221;center&#8221; background_position_phone=&#8221;center_right&#8221; border_radii=&#8221;on|30px|30px|30px|30px&#8221; global_colors_info=&#8221;{}&#8221;][et_pb_text _builder_version=&#8221;4.21.0&#8243; _module_preset=&#8221;default&#8221; header_font=&#8221;||||||||&#8221; header_3_font_size=&#8221;48px&#8221; header_3_line_height=&#8221;1.25em&#8221; text_orientation=&#8221;center&#8221; background_layout=&#8221;dark&#8221; border_color_right=&#8221;rgba(0,0,0,0.18)&#8221; global_colors_info=&#8221;{}&#8221;]<\/p>\n<h2>Contactez-nous, nous sommes l\u00e0 <br \/>pour vous<\/h2>\n<p>Pour plus d\u2019informations sur nos produits et services, n\u2019h\u00e9sitez pas \u00e0 nous \u00e9crire ou \u00e0 nous t\u00e9l\u00e9phoner.<\/p>\n<p>Nous sommes toujours \u00e0 l\u2019\u00e9coute.<\/p>\n<p>[\/et_pb_text][et_pb_button button_url=&#8221;@ET-DC@eyJkeW5hbWljIjp0cnVlLCJjb250ZW50IjoicG9zdF9saW5rX3VybF9wYWdlIiwic2V0dGluZ3MiOnsicG9zdF9pZCI6IjgyIn19@&#8221; button_text=&#8221;Contactez-nous&#8221; button_alignment=&#8221;center&#8221; _builder_version=&#8221;4.21.0&#8243; _dynamic_attributes=&#8221;button_url&#8221; _module_preset=&#8221;default&#8221; custom_button=&#8221;on&#8221; button_text_color=&#8221;#22317f&#8221; button_bg_color=&#8221;#FFFFFF&#8221; custom_padding=&#8221;16px|16px|16px|16px|false|false&#8221; global_colors_info=&#8221;{}&#8221;][\/et_pb_button][\/et_pb_column][\/et_pb_row][\/et_pb_section]<\/p>\n","protected":false},"excerpt":{"rendered":"<p><div class=\"breadcrumbs_list\"><a href=\"https:\/\/eurosrb.com\">SRB<\/a> > <a href='https:\/\/eurosrb.com\/fr\/ce-que-nous-faisons\/'>Ce que nous faisons<\/a> > <\/div>Nous sommes certifi\u00e9s Voici nos certifications relatives aux sp\u00e9cificit\u00e9s de nos produits, \u00e0 l\u2019approvisionnement \u00e9thique en mati\u00e8res premi\u00e8res, \u00e0 la production durable, \u00e0 la s\u00e9curit\u00e9 alimentaire et \u00e0 la gestion des processus.Approvisionnement \u00e9thiqueApprovisionnement durableNormes alimentaires musulmanesNormes alimentaires juivesSyst\u00e8me de gestion de la qualit\u00e9S\u00e9curit\u00e9 alimentaireSyst\u00e8me de management environnementalContactez-nous, nous sommes l\u00e0 pour vous Pour plus d\u2019informations [&hellip;]<\/p>\n","protected":false},"author":3,"featured_media":0,"parent":718,"menu_order":0,"comment_status":"closed","ping_status":"closed","template":"","meta":{"_et_pb_use_builder":"on","_et_pb_old_content":"","_et_gb_content_width":"","inline_featured_image":false,"footnotes":""},"class_list":["post-732","page","type-page","status-publish","hentry"],"yoast_head":"<!-- This site is optimized with the Yoast SEO plugin v24.7 - https:\/\/yoast.com\/wordpress\/plugins\/seo\/ -->\n<title>Certifications | Sucrerie SRB<\/title>\n<meta name=\"description\" content=\"Sostenibilit\u00e0 e sicurezza certificati: Fairtrade - ProTerra - Halal - Kosher - Sicurezza alimentare e gestione ambientale. En savoir plus!\" \/>\n<meta name=\"robots\" content=\"index, follow, max-snippet:-1, max-image-preview:large, max-video-preview:-1\" \/>\n<link rel=\"canonical\" href=\"https:\/\/eurosrb.com\/fr\/ce-que-nous-faisons\/certifications\/\" \/>\n<meta property=\"og:locale\" content=\"fr_FR\" \/>\n<meta property=\"og:type\" content=\"article\" \/>\n<meta property=\"og:title\" content=\"Certifications | Sucrerie SRB\" \/>\n<meta property=\"og:description\" content=\"Sostenibilit\u00e0 e sicurezza certificati: Fairtrade - ProTerra - Halal - Kosher - Sicurezza alimentare e gestione ambientale. En savoir plus!\" \/>\n<meta property=\"og:url\" content=\"https:\/\/eurosrb.com\/fr\/ce-que-nous-faisons\/certifications\/\" \/>\n<meta property=\"og:site_name\" content=\"SRB\" \/>\n<meta property=\"article:publisher\" content=\"https:\/\/www.facebook.com\/zuccherosrb\" \/>\n<meta property=\"article:modified_time\" content=\"2024-01-30T09:30:36+00:00\" \/>\n<meta property=\"og:image\" content=\"https:\/\/eurosrb.com\/wp-content\/uploads\/2023\/06\/notizia_siamoqui-scaled.jpg\" \/>\n\t<meta property=\"og:image:width\" content=\"2560\" \/>\n\t<meta property=\"og:image:height\" content=\"1396\" \/>\n\t<meta property=\"og:image:type\" content=\"image\/jpeg\" \/>\n<meta name=\"twitter:card\" content=\"summary_large_image\" \/>\n<meta name=\"twitter:label1\" content=\"Est. reading time\" \/>\n\t<meta name=\"twitter:data1\" content=\"5 minutes\" \/>\n<script type=\"application\/ld+json\" class=\"yoast-schema-graph\">{\"@context\":\"https:\/\/schema.org\",\"@graph\":[{\"@type\":\"WebPage\",\"@id\":\"https:\/\/eurosrb.com\/fr\/ce-que-nous-faisons\/certifications\/\",\"url\":\"https:\/\/eurosrb.com\/fr\/ce-que-nous-faisons\/certifications\/\",\"name\":\"Certifications | Sucrerie SRB\",\"isPartOf\":{\"@id\":\"https:\/\/eurosrb.com\/fr\/#website\"},\"datePublished\":\"2023-06-16T07:17:21+00:00\",\"dateModified\":\"2024-01-30T09:30:36+00:00\",\"description\":\"Sostenibilit\u00e0 e sicurezza certificati: Fairtrade - ProTerra - Halal - Kosher - Sicurezza alimentare e gestione ambientale. En savoir plus!\",\"breadcrumb\":{\"@id\":\"https:\/\/eurosrb.com\/fr\/ce-que-nous-faisons\/certifications\/#breadcrumb\"},\"inLanguage\":\"fr-FR\",\"potentialAction\":[{\"@type\":\"ReadAction\",\"target\":[\"https:\/\/eurosrb.com\/fr\/ce-que-nous-faisons\/certifications\/\"]}]},{\"@type\":\"BreadcrumbList\",\"@id\":\"https:\/\/eurosrb.com\/fr\/ce-que-nous-faisons\/certifications\/#breadcrumb\",\"itemListElement\":[{\"@type\":\"ListItem\",\"position\":1,\"name\":\"Home\",\"item\":\"https:\/\/eurosrb.com\/fr\/\"},{\"@type\":\"ListItem\",\"position\":2,\"name\":\"Ce que nous faisons\",\"item\":\"https:\/\/eurosrb.com\/fr\/cosa-facciamo\/\"},{\"@type\":\"ListItem\",\"position\":3,\"name\":\"Certifications\"}]},{\"@type\":\"WebSite\",\"@id\":\"https:\/\/eurosrb.com\/fr\/#website\",\"url\":\"https:\/\/eurosrb.com\/fr\/\",\"name\":\"SRB S.p.A.\",\"description\":\"Siamo a Brindisi, e siamo la pi\u00f9 grande raffineria di zucchero da canna in Italia.\",\"publisher\":{\"@id\":\"https:\/\/eurosrb.com\/fr\/#organization\"},\"alternateName\":\"Zuccherificio SRB\",\"potentialAction\":[{\"@type\":\"SearchAction\",\"target\":{\"@type\":\"EntryPoint\",\"urlTemplate\":\"https:\/\/eurosrb.com\/fr\/?s={search_term_string}\"},\"query-input\":{\"@type\":\"PropertyValueSpecification\",\"valueRequired\":true,\"valueName\":\"search_term_string\"}}],\"inLanguage\":\"fr-FR\"},{\"@type\":\"Organization\",\"@id\":\"https:\/\/eurosrb.com\/fr\/#organization\",\"name\":\"SRB S.p.A.\",\"alternateName\":\"Zuccherificio SRB\",\"url\":\"https:\/\/eurosrb.com\/fr\/\",\"logo\":{\"@type\":\"ImageObject\",\"inLanguage\":\"fr-FR\",\"@id\":\"https:\/\/eurosrb.com\/fr\/#\/schema\/logo\/image\/\",\"url\":\"https:\/\/eurosrb.com\/wp-content\/uploads\/2023\/06\/logo-eurosrb.png\",\"contentUrl\":\"https:\/\/eurosrb.com\/wp-content\/uploads\/2023\/06\/logo-eurosrb.png\",\"width\":264,\"height\":172,\"caption\":\"SRB S.p.A.\"},\"image\":{\"@id\":\"https:\/\/eurosrb.com\/fr\/#\/schema\/logo\/image\/\"},\"sameAs\":[\"https:\/\/www.facebook.com\/zuccherosrb\",\"https:\/\/www.linkedin.com\/company\/eurosrb\/\"]}]}<\/script>\n<!-- \/ Yoast SEO plugin. -->","yoast_head_json":{"title":"Certifications | Sucrerie SRB","description":"Sostenibilit\u00e0 e sicurezza certificati: Fairtrade - ProTerra - Halal - Kosher - Sicurezza alimentare e gestione ambientale. En savoir plus!","robots":{"index":"index","follow":"follow","max-snippet":"max-snippet:-1","max-image-preview":"max-image-preview:large","max-video-preview":"max-video-preview:-1"},"canonical":"https:\/\/eurosrb.com\/fr\/ce-que-nous-faisons\/certifications\/","og_locale":"fr_FR","og_type":"article","og_title":"Certifications | Sucrerie SRB","og_description":"Sostenibilit\u00e0 e sicurezza certificati: Fairtrade - ProTerra - Halal - Kosher - Sicurezza alimentare e gestione ambientale. En savoir plus!","og_url":"https:\/\/eurosrb.com\/fr\/ce-que-nous-faisons\/certifications\/","og_site_name":"SRB","article_publisher":"https:\/\/www.facebook.com\/zuccherosrb","article_modified_time":"2024-01-30T09:30:36+00:00","og_image":[{"width":2560,"height":1396,"url":"https:\/\/eurosrb.com\/wp-content\/uploads\/2023\/06\/notizia_siamoqui-scaled.jpg","type":"image\/jpeg"}],"twitter_card":"summary_large_image","twitter_misc":{"Est. reading time":"5 minutes"},"schema":{"@context":"https:\/\/schema.org","@graph":[{"@type":"WebPage","@id":"https:\/\/eurosrb.com\/fr\/ce-que-nous-faisons\/certifications\/","url":"https:\/\/eurosrb.com\/fr\/ce-que-nous-faisons\/certifications\/","name":"Certifications | Sucrerie SRB","isPartOf":{"@id":"https:\/\/eurosrb.com\/fr\/#website"},"datePublished":"2023-06-16T07:17:21+00:00","dateModified":"2024-01-30T09:30:36+00:00","description":"Sostenibilit\u00e0 e sicurezza certificati: Fairtrade - ProTerra - Halal - Kosher - Sicurezza alimentare e gestione ambientale. En savoir plus!","breadcrumb":{"@id":"https:\/\/eurosrb.com\/fr\/ce-que-nous-faisons\/certifications\/#breadcrumb"},"inLanguage":"fr-FR","potentialAction":[{"@type":"ReadAction","target":["https:\/\/eurosrb.com\/fr\/ce-que-nous-faisons\/certifications\/"]}]},{"@type":"BreadcrumbList","@id":"https:\/\/eurosrb.com\/fr\/ce-que-nous-faisons\/certifications\/#breadcrumb","itemListElement":[{"@type":"ListItem","position":1,"name":"Home","item":"https:\/\/eurosrb.com\/fr\/"},{"@type":"ListItem","position":2,"name":"Ce que nous faisons","item":"https:\/\/eurosrb.com\/fr\/cosa-facciamo\/"},{"@type":"ListItem","position":3,"name":"Certifications"}]},{"@type":"WebSite","@id":"https:\/\/eurosrb.com\/fr\/#website","url":"https:\/\/eurosrb.com\/fr\/","name":"SRB S.p.A.","description":"Siamo a Brindisi, e siamo la pi\u00f9 grande raffineria di zucchero da canna in Italia.","publisher":{"@id":"https:\/\/eurosrb.com\/fr\/#organization"},"alternateName":"Zuccherificio SRB","potentialAction":[{"@type":"SearchAction","target":{"@type":"EntryPoint","urlTemplate":"https:\/\/eurosrb.com\/fr\/?s={search_term_string}"},"query-input":{"@type":"PropertyValueSpecification","valueRequired":true,"valueName":"search_term_string"}}],"inLanguage":"fr-FR"},{"@type":"Organization","@id":"https:\/\/eurosrb.com\/fr\/#organization","name":"SRB S.p.A.","alternateName":"Zuccherificio SRB","url":"https:\/\/eurosrb.com\/fr\/","logo":{"@type":"ImageObject","inLanguage":"fr-FR","@id":"https:\/\/eurosrb.com\/fr\/#\/schema\/logo\/image\/","url":"https:\/\/eurosrb.com\/wp-content\/uploads\/2023\/06\/logo-eurosrb.png","contentUrl":"https:\/\/eurosrb.com\/wp-content\/uploads\/2023\/06\/logo-eurosrb.png","width":264,"height":172,"caption":"SRB S.p.A."},"image":{"@id":"https:\/\/eurosrb.com\/fr\/#\/schema\/logo\/image\/"},"sameAs":["https:\/\/www.facebook.com\/zuccherosrb","https:\/\/www.linkedin.com\/company\/eurosrb\/"]}]}},"_links":{"self":[{"href":"https:\/\/eurosrb.com\/fr\/wp-json\/wp\/v2\/pages\/732","targetHints":{"allow":["GET"]}}],"collection":[{"href":"https:\/\/eurosrb.com\/fr\/wp-json\/wp\/v2\/pages"}],"about":[{"href":"https:\/\/eurosrb.com\/fr\/wp-json\/wp\/v2\/types\/page"}],"author":[{"embeddable":true,"href":"https:\/\/eurosrb.com\/fr\/wp-json\/wp\/v2\/users\/3"}],"replies":[{"embeddable":true,"href":"https:\/\/eurosrb.com\/fr\/wp-json\/wp\/v2\/comments?post=732"}],"version-history":[{"count":9,"href":"https:\/\/eurosrb.com\/fr\/wp-json\/wp\/v2\/pages\/732\/revisions"}],"predecessor-version":[{"id":1335,"href":"https:\/\/eurosrb.com\/fr\/wp-json\/wp\/v2\/pages\/732\/revisions\/1335"}],"up":[{"embeddable":true,"href":"https:\/\/eurosrb.com\/fr\/wp-json\/wp\/v2\/pages\/718"}],"wp:attachment":[{"href":"https:\/\/eurosrb.com\/fr\/wp-json\/wp\/v2\/media?parent=732"}],"curies":[{"name":"wp","href":"https:\/\/api.w.org\/{rel}","templated":true}]}}