{"id":754,"date":"2023-06-13T09:34:12","date_gmt":"2023-06-13T09:34:12","guid":{"rendered":"https:\/\/eurosrb.com\/nous-rejoindre\/"},"modified":"2023-08-02T09:45:34","modified_gmt":"2023-08-02T09:45:34","slug":"nous-rejoindre","status":"publish","type":"page","link":"https:\/\/eurosrb.com\/fr\/nous-rejoindre\/","title":{"rendered":"Nous rejoindre"},"content":{"rendered":"<p>[et_pb_section fb_built=&#8221;1&#8243; module_class=&#8221;title_bar&#8221; _builder_version=&#8221;4.21.0&#8243; _module_preset=&#8221;default&#8221; background_image=&#8221;https:\/\/eurosrb.com\/wp-content\/uploads\/2023\/08\/lavora_con_boi_def-scaled.jpg&#8221; hover_enabled=&#8221;0&#8243; global_colors_info=&#8221;{}&#8221; title_text=&#8221;lavora_con_boi_def&#8221; sticky_enabled=&#8221;0&#8243;][et_pb_row _builder_version=&#8221;4.21.0&#8243; _module_preset=&#8221;default&#8221; global_colors_info=&#8221;{}&#8221;][et_pb_column type=&#8221;4_4&#8243; _builder_version=&#8221;4.21.0&#8243; _module_preset=&#8221;default&#8221; global_colors_info=&#8221;{}&#8221;][et_pb_post_title meta=&#8221;off&#8221; featured_image=&#8221;off&#8221; _builder_version=&#8221;4.21.0&#8243; _module_preset=&#8221;default&#8221; title_text_align=&#8221;center&#8221; global_colors_info=&#8221;{}&#8221;][\/et_pb_post_title][et_pb_text _builder_version=&#8221;4.21.0&#8243; _module_preset=&#8221;default&#8221; global_colors_info=&#8221;{}&#8221;]<\/p>\n<div class=\"breadcrumbs_list\"><a href=\"https:\/\/eurosrb.com\">SRB<\/a> > <\/div>\n<p>[\/et_pb_text][\/et_pb_column][\/et_pb_row][\/et_pb_section][et_pb_section fb_built=&#8221;1&#8243; _builder_version=&#8221;4.21.0&#8243; _module_preset=&#8221;default&#8221; global_colors_info=&#8221;{}&#8221;][et_pb_row _builder_version=&#8221;4.21.0&#8243; _module_preset=&#8221;default&#8221; max_width=&#8221;1350px&#8221; global_colors_info=&#8221;{}&#8221;][et_pb_column type=&#8221;4_4&#8243; _builder_version=&#8221;4.21.0&#8243; _module_preset=&#8221;default&#8221; global_colors_info=&#8221;{}&#8221;][et_pb_text _builder_version=&#8221;4.21.0&#8243; _module_preset=&#8221;default&#8221; header_font=&#8221;||||||||&#8221; header_2_line_height=&#8221;1.25em&#8221; header_3_font_size=&#8221;48px&#8221; header_3_line_height=&#8221;1.25em&#8221; header_4_text_color=&#8221;#dc0814&#8243; header_4_font_size=&#8221;20px&#8221; header_4_line_height=&#8221;1.5em&#8221; text_orientation=&#8221;center&#8221; max_width=&#8221;800px&#8221; module_alignment=&#8221;center&#8221; text_orientation_tablet=&#8221;center&#8221; text_orientation_phone=&#8221;center&#8221; text_orientation_last_edited=&#8221;on|phone&#8221; global_colors_info=&#8221;{}&#8221;]<\/p>\n<h2>Nous sommes l\u00e0, rejoignez-nous<\/h2>\n<p>Si, vous aussi, vous croyez en l\u2019importance de l\u2019\u00e9galit\u00e9, de la bienveillance, de la s\u00e9curit\u00e9, de la qualit\u00e9, de la transparence et du respect de l\u2019environnement, ces valeurs qui sont au c\u0153ur de SRB, rejoignez-nous en remplissant le formulaire ci-dessous.<\/p>\n<p>Vous trouverez toutes les informations concernant notre approche au travail dans le code de d\u00e9ontologie que nous avons d\u00e9cid\u00e9 de r\u00e9diger et d\u2019adopter. <a href=\"\/wp-content\/uploads\/2023\/06\/Codice_etico_2021.pdf\" target=\"_blank\" rel=\"noopener\">Notre code &gt;<\/a><\/p>\n<p>[\/et_pb_text][et_pb_text _builder_version=&#8221;4.21.0&#8243; _module_preset=&#8221;default&#8221; header_font=&#8221;||||||||&#8221; header_2_line_height=&#8221;1.25em&#8221; header_3_font_size=&#8221;48px&#8221; header_3_line_height=&#8221;1.25em&#8221; header_4_text_color=&#8221;#dc0814&#8243; header_4_font_size=&#8221;20px&#8221; header_4_line_height=&#8221;1.5em&#8221; custom_padding=&#8221;50px||||false|false&#8221; custom_padding_tablet=&#8221;30px||||false|false&#8221; custom_padding_phone=&#8221;30px||||false|false&#8221; custom_padding_last_edited=&#8221;on|tablet&#8221; global_colors_info=&#8221;{}&#8221;]<\/p>\n\n<div class=\"wpcf7 no-js\" id=\"wpcf7-f826-o1\" lang=\"fr-FR\" dir=\"ltr\" data-wpcf7-id=\"826\">\n<div class=\"screen-reader-response\"><p role=\"status\" aria-live=\"polite\" aria-atomic=\"true\"><\/p> <ul><\/ul><\/div>\n<form action=\"\/fr\/wp-json\/wp\/v2\/pages\/754#wpcf7-f826-o1\" method=\"post\" class=\"wpcf7-form init\" aria-label=\"Contact form\" enctype=\"multipart\/form-data\" novalidate=\"novalidate\" data-status=\"init\">\n<div style=\"display: none;\">\n<input type=\"hidden\" name=\"_wpcf7\" value=\"826\" \/>\n<input type=\"hidden\" name=\"_wpcf7_version\" value=\"6.0.5\" \/>\n<input type=\"hidden\" name=\"_wpcf7_locale\" value=\"fr_FR\" \/>\n<input type=\"hidden\" name=\"_wpcf7_unit_tag\" value=\"wpcf7-f826-o1\" \/>\n<input type=\"hidden\" name=\"_wpcf7_container_post\" value=\"0\" \/>\n<input type=\"hidden\" name=\"_wpcf7_posted_data_hash\" value=\"\" \/>\n<\/div>\n<div class=\"form_srb\">\n\t<div class=\"row\">\n\t\t<div class=\"col-12 col-md-6\">\n\t\t\t<p><label>Pr\u00e9nom* <span class=\"wpcf7-form-control-wrap\" data-name=\"Nome\"><input size=\"40\" maxlength=\"400\" class=\"wpcf7-form-control wpcf7-text wpcf7-validates-as-required\" aria-required=\"true\" aria-invalid=\"false\" value=\"\" type=\"text\" name=\"Nome\" \/><\/span><\/label>\n\t\t\t<\/p>\n\t\t<\/div>\n\t\t<div class=\"col-12 col-md-6\">\n\t\t\t<p><label>Nom*<span class=\"wpcf7-form-control-wrap\" data-name=\"Cognome\"><input size=\"40\" maxlength=\"400\" class=\"wpcf7-form-control wpcf7-text wpcf7-validates-as-required\" aria-required=\"true\" aria-invalid=\"false\" value=\"\" type=\"text\" name=\"Cognome\" \/><\/span><\/label>\n\t\t\t<\/p>\n\t\t<\/div>\n\t<\/div>\n\t<div class=\"row\">\n\t\t<div class=\"col-12 col-md-6\">\n\t\t\t<p><label>E-mail*<span class=\"wpcf7-form-control-wrap\" data-name=\"email\"><input size=\"40\" maxlength=\"400\" class=\"wpcf7-form-control wpcf7-email wpcf7-validates-as-required wpcf7-text wpcf7-validates-as-email\" aria-required=\"true\" aria-invalid=\"false\" value=\"\" type=\"email\" name=\"email\" \/><\/span><\/label>\n\t\t\t<\/p>\n\t\t<\/div>\n\t\t<div class=\"col-12 col-md-6\">\n\t\t\t<p><label>Joignez votre CV (PDF uniquement, max. 2MB) * <span class=\"wpcf7-form-control-wrap\" data-name=\"curriculum\"><input size=\"40\" class=\"wpcf7-form-control wpcf7-file wpcf7-validates-as-required\" accept=\".pdf\" aria-required=\"true\" aria-invalid=\"false\" type=\"file\" name=\"curriculum\" \/><\/span><\/label>\n\t\t\t<\/p>\n\t\t<\/div>\n\t<\/div>\n\t<div class=\"row\">\n\t\t<div class=\"col-12\">\n\t\t\t<p><span class=\"wpcf7-form-control-wrap\" data-name=\"privacy\"><span class=\"wpcf7-form-control wpcf7-acceptance\"><span class=\"wpcf7-list-item\"><label><input type=\"checkbox\" name=\"privacy\" value=\"1\" aria-invalid=\"false\" \/><span class=\"wpcf7-list-item-label\">Autorisation de traitement des donn\u00e9es personnelles - politique.<\/span><\/label><\/span><\/span><\/span><br \/>\n<span class=\"wpcf7-form-control-wrap\" data-name=\"privacy\"><span class=\"wpcf7-form-control wpcf7-acceptance\"><span class=\"wpcf7-list-item\"><label><input type=\"checkbox\" name=\"privacy\" value=\"1\" aria-invalid=\"false\" \/><span class=\"wpcf7-list-item-label\">RGPD - En utilisant ce formulaire, vous consentez \u00e0 l'enregistrement des donn\u00e9es relatives \u00e0 l'adresse e-mail associ\u00e9e au site et des informations contenues dans votre curriculum vitae dans nos bases de donn\u00e9es - <a href=\"\/privacypolicy\/\">politique<\/a>.<\/span><\/label><\/span><\/span><\/span>\n\t\t\t<\/p>\n\t\t<\/div>\n\t<\/div>\n\t<div class=\"row\">\n\t\t<div class=\"col-12 submit-right\">\n\t\t\t<p><input class=\"wpcf7-form-control wpcf7-submit has-spinner\" type=\"submit\" value=\"Envoyer\" \/>\n\t\t\t<\/p>\n\t\t<\/div>\n\t<\/div>\n<\/div><div class=\"wpcf7-response-output\" aria-hidden=\"true\"><\/div>\n<\/form>\n<\/div>\n\n<p>[\/et_pb_text][\/et_pb_column][\/et_pb_row][\/et_pb_section]<\/p>\n","protected":false},"excerpt":{"rendered":"<p><div class=\"breadcrumbs_list\"><a href=\"https:\/\/eurosrb.com\">SRB<\/a> > <\/div>Nous sommes l\u00e0, rejoignez-nous Si, vous aussi, vous croyez en l\u2019importance de l\u2019\u00e9galit\u00e9, de la bienveillance, de la s\u00e9curit\u00e9, de la qualit\u00e9, de la transparence et du respect de l\u2019environnement, ces valeurs qui sont au c\u0153ur de SRB, rejoignez-nous en remplissant le formulaire ci-dessous. Vous trouverez toutes les informations concernant notre approche au travail dans [&hellip;]<\/p>\n","protected":false},"author":3,"featured_media":0,"parent":0,"menu_order":0,"comment_status":"closed","ping_status":"closed","template":"","meta":{"_et_pb_use_builder":"on","_et_pb_old_content":"","_et_gb_content_width":"","inline_featured_image":false,"footnotes":""},"class_list":["post-754","page","type-page","status-publish","hentry"],"yoast_head":"<!-- This site is optimized with the Yoast SEO plugin v24.7 - https:\/\/yoast.com\/wordpress\/plugins\/seo\/ -->\n<title>Travaillez avec nous | Carri\u00e8res - Sucrerie SRB<\/title>\n<meta name=\"description\" content=\"Travaillez avec nous : remplissez le formulaire et envoyez votre candidature. Nos recruteurs vous r\u00e9pondront dans les plus brefs d\u00e9lais. D\u00e9couvrez comment rejoindre la famille SRB.\" \/>\n<meta name=\"robots\" content=\"index, follow, max-snippet:-1, max-image-preview:large, max-video-preview:-1\" \/>\n<link rel=\"canonical\" href=\"https:\/\/eurosrb.com\/fr\/nous-rejoindre\/\" \/>\n<meta property=\"og:locale\" content=\"fr_FR\" \/>\n<meta property=\"og:type\" content=\"article\" \/>\n<meta property=\"og:title\" content=\"Travaillez avec nous | Carri\u00e8res - Sucrerie SRB\" \/>\n<meta property=\"og:description\" content=\"Travaillez avec nous : remplissez le formulaire et envoyez votre candidature. Nos recruteurs vous r\u00e9pondront dans les plus brefs d\u00e9lais. D\u00e9couvrez comment rejoindre la famille SRB.\" \/>\n<meta property=\"og:url\" content=\"https:\/\/eurosrb.com\/fr\/nous-rejoindre\/\" \/>\n<meta property=\"og:site_name\" content=\"SRB\" \/>\n<meta property=\"article:publisher\" content=\"https:\/\/www.facebook.com\/zuccherosrb\" \/>\n<meta property=\"article:modified_time\" content=\"2023-08-02T09:45:34+00:00\" \/>\n<meta property=\"og:image\" content=\"https:\/\/eurosrb.com\/wp-content\/uploads\/2023\/06\/notizia_siamoqui-scaled.jpg\" \/>\n\t<meta property=\"og:image:width\" content=\"2560\" \/>\n\t<meta property=\"og:image:height\" content=\"1396\" \/>\n\t<meta property=\"og:image:type\" content=\"image\/jpeg\" \/>\n<meta name=\"twitter:card\" content=\"summary_large_image\" \/>\n<meta name=\"twitter:label1\" content=\"Est. reading time\" \/>\n\t<meta name=\"twitter:data1\" content=\"2 minutes\" \/>\n<script type=\"application\/ld+json\" class=\"yoast-schema-graph\">{\"@context\":\"https:\/\/schema.org\",\"@graph\":[{\"@type\":\"WebPage\",\"@id\":\"https:\/\/eurosrb.com\/fr\/nous-rejoindre\/\",\"url\":\"https:\/\/eurosrb.com\/fr\/nous-rejoindre\/\",\"name\":\"Travaillez avec nous | Carri\u00e8res - Sucrerie SRB\",\"isPartOf\":{\"@id\":\"https:\/\/eurosrb.com\/fr\/#website\"},\"datePublished\":\"2023-06-13T09:34:12+00:00\",\"dateModified\":\"2023-08-02T09:45:34+00:00\",\"description\":\"Travaillez avec nous : remplissez le formulaire et envoyez votre candidature. Nos recruteurs vous r\u00e9pondront dans les plus brefs d\u00e9lais. D\u00e9couvrez comment rejoindre la famille SRB.\",\"breadcrumb\":{\"@id\":\"https:\/\/eurosrb.com\/fr\/nous-rejoindre\/#breadcrumb\"},\"inLanguage\":\"fr-FR\",\"potentialAction\":[{\"@type\":\"ReadAction\",\"target\":[\"https:\/\/eurosrb.com\/fr\/nous-rejoindre\/\"]}]},{\"@type\":\"BreadcrumbList\",\"@id\":\"https:\/\/eurosrb.com\/fr\/nous-rejoindre\/#breadcrumb\",\"itemListElement\":[{\"@type\":\"ListItem\",\"position\":1,\"name\":\"Home\",\"item\":\"https:\/\/eurosrb.com\/fr\/\"},{\"@type\":\"ListItem\",\"position\":2,\"name\":\"Nous rejoindre\"}]},{\"@type\":\"WebSite\",\"@id\":\"https:\/\/eurosrb.com\/fr\/#website\",\"url\":\"https:\/\/eurosrb.com\/fr\/\",\"name\":\"SRB S.p.A.\",\"description\":\"Siamo a Brindisi, e siamo la pi\u00f9 grande raffineria di zucchero da canna in Italia.\",\"publisher\":{\"@id\":\"https:\/\/eurosrb.com\/fr\/#organization\"},\"alternateName\":\"Zuccherificio SRB\",\"potentialAction\":[{\"@type\":\"SearchAction\",\"target\":{\"@type\":\"EntryPoint\",\"urlTemplate\":\"https:\/\/eurosrb.com\/fr\/?s={search_term_string}\"},\"query-input\":{\"@type\":\"PropertyValueSpecification\",\"valueRequired\":true,\"valueName\":\"search_term_string\"}}],\"inLanguage\":\"fr-FR\"},{\"@type\":\"Organization\",\"@id\":\"https:\/\/eurosrb.com\/fr\/#organization\",\"name\":\"SRB S.p.A.\",\"alternateName\":\"Zuccherificio SRB\",\"url\":\"https:\/\/eurosrb.com\/fr\/\",\"logo\":{\"@type\":\"ImageObject\",\"inLanguage\":\"fr-FR\",\"@id\":\"https:\/\/eurosrb.com\/fr\/#\/schema\/logo\/image\/\",\"url\":\"https:\/\/eurosrb.com\/wp-content\/uploads\/2023\/06\/logo-eurosrb.png\",\"contentUrl\":\"https:\/\/eurosrb.com\/wp-content\/uploads\/2023\/06\/logo-eurosrb.png\",\"width\":264,\"height\":172,\"caption\":\"SRB S.p.A.\"},\"image\":{\"@id\":\"https:\/\/eurosrb.com\/fr\/#\/schema\/logo\/image\/\"},\"sameAs\":[\"https:\/\/www.facebook.com\/zuccherosrb\",\"https:\/\/www.linkedin.com\/company\/eurosrb\/\"]}]}<\/script>\n<!-- \/ Yoast SEO plugin. -->","yoast_head_json":{"title":"Travaillez avec nous | Carri\u00e8res - Sucrerie SRB","description":"Travaillez avec nous : remplissez le formulaire et envoyez votre candidature. Nos recruteurs vous r\u00e9pondront dans les plus brefs d\u00e9lais. D\u00e9couvrez comment rejoindre la famille SRB.","robots":{"index":"index","follow":"follow","max-snippet":"max-snippet:-1","max-image-preview":"max-image-preview:large","max-video-preview":"max-video-preview:-1"},"canonical":"https:\/\/eurosrb.com\/fr\/nous-rejoindre\/","og_locale":"fr_FR","og_type":"article","og_title":"Travaillez avec nous | Carri\u00e8res - Sucrerie SRB","og_description":"Travaillez avec nous : remplissez le formulaire et envoyez votre candidature. Nos recruteurs vous r\u00e9pondront dans les plus brefs d\u00e9lais. D\u00e9couvrez comment rejoindre la famille SRB.","og_url":"https:\/\/eurosrb.com\/fr\/nous-rejoindre\/","og_site_name":"SRB","article_publisher":"https:\/\/www.facebook.com\/zuccherosrb","article_modified_time":"2023-08-02T09:45:34+00:00","og_image":[{"width":2560,"height":1396,"url":"https:\/\/eurosrb.com\/wp-content\/uploads\/2023\/06\/notizia_siamoqui-scaled.jpg","type":"image\/jpeg"}],"twitter_card":"summary_large_image","twitter_misc":{"Est. reading time":"2 minutes"},"schema":{"@context":"https:\/\/schema.org","@graph":[{"@type":"WebPage","@id":"https:\/\/eurosrb.com\/fr\/nous-rejoindre\/","url":"https:\/\/eurosrb.com\/fr\/nous-rejoindre\/","name":"Travaillez avec nous | Carri\u00e8res - Sucrerie SRB","isPartOf":{"@id":"https:\/\/eurosrb.com\/fr\/#website"},"datePublished":"2023-06-13T09:34:12+00:00","dateModified":"2023-08-02T09:45:34+00:00","description":"Travaillez avec nous : remplissez le formulaire et envoyez votre candidature. Nos recruteurs vous r\u00e9pondront dans les plus brefs d\u00e9lais. D\u00e9couvrez comment rejoindre la famille SRB.","breadcrumb":{"@id":"https:\/\/eurosrb.com\/fr\/nous-rejoindre\/#breadcrumb"},"inLanguage":"fr-FR","potentialAction":[{"@type":"ReadAction","target":["https:\/\/eurosrb.com\/fr\/nous-rejoindre\/"]}]},{"@type":"BreadcrumbList","@id":"https:\/\/eurosrb.com\/fr\/nous-rejoindre\/#breadcrumb","itemListElement":[{"@type":"ListItem","position":1,"name":"Home","item":"https:\/\/eurosrb.com\/fr\/"},{"@type":"ListItem","position":2,"name":"Nous rejoindre"}]},{"@type":"WebSite","@id":"https:\/\/eurosrb.com\/fr\/#website","url":"https:\/\/eurosrb.com\/fr\/","name":"SRB S.p.A.","description":"Siamo a Brindisi, e siamo la pi\u00f9 grande raffineria di zucchero da canna in Italia.","publisher":{"@id":"https:\/\/eurosrb.com\/fr\/#organization"},"alternateName":"Zuccherificio SRB","potentialAction":[{"@type":"SearchAction","target":{"@type":"EntryPoint","urlTemplate":"https:\/\/eurosrb.com\/fr\/?s={search_term_string}"},"query-input":{"@type":"PropertyValueSpecification","valueRequired":true,"valueName":"search_term_string"}}],"inLanguage":"fr-FR"},{"@type":"Organization","@id":"https:\/\/eurosrb.com\/fr\/#organization","name":"SRB S.p.A.","alternateName":"Zuccherificio SRB","url":"https:\/\/eurosrb.com\/fr\/","logo":{"@type":"ImageObject","inLanguage":"fr-FR","@id":"https:\/\/eurosrb.com\/fr\/#\/schema\/logo\/image\/","url":"https:\/\/eurosrb.com\/wp-content\/uploads\/2023\/06\/logo-eurosrb.png","contentUrl":"https:\/\/eurosrb.com\/wp-content\/uploads\/2023\/06\/logo-eurosrb.png","width":264,"height":172,"caption":"SRB S.p.A."},"image":{"@id":"https:\/\/eurosrb.com\/fr\/#\/schema\/logo\/image\/"},"sameAs":["https:\/\/www.facebook.com\/zuccherosrb","https:\/\/www.linkedin.com\/company\/eurosrb\/"]}]}},"_links":{"self":[{"href":"https:\/\/eurosrb.com\/fr\/wp-json\/wp\/v2\/pages\/754","targetHints":{"allow":["GET"]}}],"collection":[{"href":"https:\/\/eurosrb.com\/fr\/wp-json\/wp\/v2\/pages"}],"about":[{"href":"https:\/\/eurosrb.com\/fr\/wp-json\/wp\/v2\/types\/page"}],"author":[{"embeddable":true,"href":"https:\/\/eurosrb.com\/fr\/wp-json\/wp\/v2\/users\/3"}],"replies":[{"embeddable":true,"href":"https:\/\/eurosrb.com\/fr\/wp-json\/wp\/v2\/comments?post=754"}],"version-history":[{"count":2,"href":"https:\/\/eurosrb.com\/fr\/wp-json\/wp\/v2\/pages\/754\/revisions"}],"predecessor-version":[{"id":1176,"href":"https:\/\/eurosrb.com\/fr\/wp-json\/wp\/v2\/pages\/754\/revisions\/1176"}],"wp:attachment":[{"href":"https:\/\/eurosrb.com\/fr\/wp-json\/wp\/v2\/media?parent=754"}],"curies":[{"name":"wp","href":"https:\/\/api.w.org\/{rel}","templated":true}]}}