{"id":758,"date":"2023-06-12T14:15:35","date_gmt":"2023-06-12T14:15:35","guid":{"rendered":"https:\/\/eurosrb.com\/contact\/"},"modified":"2023-09-12T13:59:44","modified_gmt":"2023-09-12T13:59:44","slug":"contact","status":"publish","type":"page","link":"https:\/\/eurosrb.com\/fr\/contact\/","title":{"rendered":"Contacts"},"content":{"rendered":"<p>[et_pb_section fb_built=&#8221;1&#8243; module_class=&#8221;title_bar&#8221; _builder_version=&#8221;4.21.0&#8243; _module_preset=&#8221;default&#8221; background_image=&#8221;https:\/\/eurosrb.com\/wp-content\/uploads\/2023\/07\/bg_contatti.jpg&#8221; global_colors_info=&#8221;{}&#8221;][et_pb_row _builder_version=&#8221;4.21.0&#8243; _module_preset=&#8221;default&#8221; global_colors_info=&#8221;{}&#8221;][et_pb_column type=&#8221;4_4&#8243; _builder_version=&#8221;4.21.0&#8243; _module_preset=&#8221;default&#8221; global_colors_info=&#8221;{}&#8221;][et_pb_post_title meta=&#8221;off&#8221; featured_image=&#8221;off&#8221; _builder_version=&#8221;4.21.0&#8243; _module_preset=&#8221;default&#8221; title_text_align=&#8221;center&#8221; global_colors_info=&#8221;{}&#8221;][\/et_pb_post_title][et_pb_text _builder_version=&#8221;4.21.0&#8243; _module_preset=&#8221;default&#8221; global_colors_info=&#8221;{}&#8221;]<\/p>\n<div class=\"breadcrumbs_list\"><a href=\"https:\/\/eurosrb.com\">SRB<\/a> > <\/div>\n<p>[\/et_pb_text][\/et_pb_column][\/et_pb_row][\/et_pb_section][et_pb_section fb_built=&#8221;1&#8243; _builder_version=&#8221;4.21.0&#8243; _module_preset=&#8221;default&#8221; global_colors_info=&#8221;{}&#8221;][et_pb_row column_structure=&#8221;1_3,1_3,1_3&#8243; _builder_version=&#8221;4.21.0&#8243; _module_preset=&#8221;default&#8221; max_width=&#8221;1350px&#8221; global_colors_info=&#8221;{}&#8221;][et_pb_column type=&#8221;1_3&#8243; _builder_version=&#8221;4.21.0&#8243; _module_preset=&#8221;default&#8221; global_colors_info=&#8221;{}&#8221;][et_pb_blurb title=&#8221;Contacts&#8221; image=&#8221;https:\/\/eurosrb.com\/wp-content\/uploads\/2023\/06\/contatti_email.svg&#8221; icon_placement=&#8221;left&#8221; image_icon_width=&#8221;106px&#8221; icon_placement_tablet=&#8221;left&#8221; icon_placement_phone=&#8221;top&#8221; icon_placement_last_edited=&#8221;on|phone&#8221; image_icon_width_tablet=&#8221;106px&#8221; image_icon_width_phone=&#8221;75px&#8221; image_icon_width_last_edited=&#8221;on|phone&#8221; _builder_version=&#8221;4.21.0&#8243; _module_preset=&#8221;default&#8221; body_font_size=&#8221;16px&#8221; image_icon_custom_margin=&#8221;|20px|||false|false&#8221; image_icon_custom_margin_tablet=&#8221;|20px|||false|false&#8221; image_icon_custom_margin_phone=&#8221;|0px|||false|false&#8221; image_icon_custom_margin_last_edited=&#8221;on|phone&#8221; image_icon_custom_padding=&#8221;||||false|false&#8221; custom_padding=&#8221;20px|20px|20px|20px|false|false&#8221; hover_enabled=&#8221;0&#8243; text_orientation_tablet=&#8221;&#8221; text_orientation_phone=&#8221;left&#8221; text_orientation_last_edited=&#8221;on|phone&#8221; border_radii=&#8221;off|20px|20px||&#8221; border_width_bottom=&#8221;8px&#8221; border_color_bottom=&#8221;#22317f&#8221; box_shadow_style=&#8221;preset2&#8243; global_colors_info=&#8221;{}&#8221; sticky_enabled=&#8221;0&#8243;]<\/p>\n<p>T\u00e9l. +39\/0831550840<br \/>info@eurosrb.com<\/p>\n<p>[\/et_pb_blurb][\/et_pb_column][et_pb_column type=&#8221;1_3&#8243; _builder_version=&#8221;4.21.0&#8243; _module_preset=&#8221;default&#8221; global_colors_info=&#8221;{}&#8221;][et_pb_blurb title=&#8221;Horaires&#8221; image=&#8221;https:\/\/eurosrb.com\/wp-content\/uploads\/2023\/06\/contatti_calendario.svg&#8221; icon_placement=&#8221;left&#8221; image_icon_width=&#8221;106px&#8221; icon_placement_tablet=&#8221;left&#8221; icon_placement_phone=&#8221;top&#8221; icon_placement_last_edited=&#8221;on|phone&#8221; image_icon_width_tablet=&#8221;106px&#8221; image_icon_width_phone=&#8221;75px&#8221; image_icon_width_last_edited=&#8221;on|phone&#8221; _builder_version=&#8221;4.21.0&#8243; _module_preset=&#8221;default&#8221; body_font_size=&#8221;16px&#8221; image_icon_custom_margin=&#8221;|20px|||false|false&#8221; image_icon_custom_margin_tablet=&#8221;|20px|||false|false&#8221; image_icon_custom_margin_phone=&#8221;|0px|||false|false&#8221; image_icon_custom_margin_last_edited=&#8221;on|phone&#8221; image_icon_custom_padding=&#8221;||||false|false&#8221; custom_padding=&#8221;20px|20px|20px|20px|false|false&#8221; text_orientation_tablet=&#8221;&#8221; text_orientation_phone=&#8221;&#8221; text_orientation_last_edited=&#8221;on|phone&#8221; border_radii=&#8221;off|20px|20px||&#8221; border_width_bottom=&#8221;8px&#8221; border_color_bottom=&#8221;#22317f&#8221; box_shadow_style=&#8221;preset2&#8243; global_colors_info=&#8221;{}&#8221;]<\/p>\n<p>Lu &#8211; Ve: 8.00 &#8211; 18.00<br \/>Sa &#8211; Di: FERM\u00c9<\/p>\n<p>[\/et_pb_blurb][\/et_pb_column][et_pb_column type=&#8221;1_3&#8243; _builder_version=&#8221;4.21.0&#8243; _module_preset=&#8221;default&#8221; global_colors_info=&#8221;{}&#8221;][et_pb_blurb title=&#8221;Site&#8221; image=&#8221;https:\/\/eurosrb.com\/wp-content\/uploads\/2023\/06\/contatti_sedi.svg&#8221; icon_placement=&#8221;left&#8221; image_icon_width=&#8221;106px&#8221; icon_placement_tablet=&#8221;left&#8221; icon_placement_phone=&#8221;top&#8221; icon_placement_last_edited=&#8221;on|phone&#8221; image_icon_width_tablet=&#8221;106px&#8221; image_icon_width_phone=&#8221;75px&#8221; image_icon_width_last_edited=&#8221;on|phone&#8221; _builder_version=&#8221;4.21.0&#8243; _module_preset=&#8221;default&#8221; body_font_size=&#8221;16px&#8221; image_icon_custom_margin=&#8221;|20px|||false|false&#8221; image_icon_custom_margin_tablet=&#8221;|20px|||false|false&#8221; image_icon_custom_margin_phone=&#8221;|0px|||false|false&#8221; image_icon_custom_margin_last_edited=&#8221;on|phone&#8221; image_icon_custom_padding=&#8221;||||false|false&#8221; custom_padding=&#8221;20px|20px|20px|20px|false|false&#8221; text_orientation_tablet=&#8221;&#8221; text_orientation_phone=&#8221;&#8221; text_orientation_last_edited=&#8221;on|phone&#8221; border_radii=&#8221;off|20px|20px||&#8221; border_width_bottom=&#8221;8px&#8221; border_color_bottom=&#8221;#22317f&#8221; box_shadow_style=&#8221;preset2&#8243; global_colors_info=&#8221;{}&#8221;]<\/p>\n<p>Rue de Fiume Piccolo 10<br \/>72100 Brindisi <\/p>\n<p>[\/et_pb_blurb][\/et_pb_column][\/et_pb_row][\/et_pb_section][et_pb_section fb_built=&#8221;1&#8243; _builder_version=&#8221;4.21.0&#8243; _module_preset=&#8221;default&#8221; global_colors_info=&#8221;{}&#8221;][et_pb_row column_structure=&#8221;1_2,1_2&#8243; make_equal=&#8221;on&#8221; module_class=&#8221;map_row&#8221; _builder_version=&#8221;4.21.0&#8243; _module_preset=&#8221;default&#8221; max_width=&#8221;1350px&#8221; global_colors_info=&#8221;{}&#8221;][et_pb_column type=&#8221;1_2&#8243; _builder_version=&#8221;4.21.0&#8243; _module_preset=&#8221;default&#8221; global_colors_info=&#8221;{}&#8221;][et_pb_code _builder_version=&#8221;4.21.0&#8243; _module_preset=&#8221;default&#8221; global_colors_info=&#8221;{}&#8221;]<iframe src=\"https:\/\/www.google.com\/maps\/embed?pb=!1m18!1m12!1m3!1d2668.8452571532853!2d17.958219375390176!3d40.63909474207658!2m3!1f0!2f0!3f0!3m2!1i1024!2i768!4f13.1!3m3!1m2!1s0x134679f5bad65f89%3A0x292646655a6f72d4!2sSRB%20S.p.A.!5e1!3m2!1sit!2sit!4v1686582089640!5m2!1sit!2sit\" width=\"100%\" height=\"750\" style=\"border:0;\" allowfullscreen=\"\" loading=\"lazy\" referrerpolicy=\"no-referrer-when-downgrade\"><\/iframe>[\/et_pb_code][\/et_pb_column][et_pb_column type=&#8221;1_2&#8243; _builder_version=&#8221;4.21.0&#8243; _module_preset=&#8221;default&#8221; global_colors_info=&#8221;{}&#8221;][et_pb_text _builder_version=&#8221;4.21.0&#8243; _module_preset=&#8221;default&#8221; header_font=&#8221;||||||||&#8221; header_2_line_height=&#8221;1.25em&#8221; header_3_font_size=&#8221;48px&#8221; header_3_line_height=&#8221;1.25em&#8221; header_4_text_color=&#8221;#dc0814&#8243; header_4_font_size=&#8221;20px&#8221; header_4_line_height=&#8221;1.5em&#8221; text_orientation_tablet=&#8221;&#8221; text_orientation_phone=&#8221;center&#8221; text_orientation_last_edited=&#8221;on|phone&#8221; global_colors_info=&#8221;{}&#8221;]<\/p>\n<h4>CONTACTEZ-NOUS<\/h4>\n<h2>Nous sommes l\u00e0 pour vous<\/h2>\n\n<div class=\"wpcf7 no-js\" id=\"wpcf7-f823-o1\" lang=\"fr-FR\" dir=\"ltr\" data-wpcf7-id=\"823\">\n<div class=\"screen-reader-response\"><p role=\"status\" aria-live=\"polite\" aria-atomic=\"true\"><\/p> <ul><\/ul><\/div>\n<form action=\"\/fr\/wp-json\/wp\/v2\/pages\/758#wpcf7-f823-o1\" method=\"post\" class=\"wpcf7-form init\" aria-label=\"Contact form\" novalidate=\"novalidate\" data-status=\"init\">\n<div style=\"display: none;\">\n<input type=\"hidden\" name=\"_wpcf7\" value=\"823\" \/>\n<input type=\"hidden\" name=\"_wpcf7_version\" value=\"6.0.5\" \/>\n<input type=\"hidden\" name=\"_wpcf7_locale\" value=\"fr_FR\" \/>\n<input type=\"hidden\" name=\"_wpcf7_unit_tag\" value=\"wpcf7-f823-o1\" \/>\n<input type=\"hidden\" name=\"_wpcf7_container_post\" value=\"0\" \/>\n<input type=\"hidden\" name=\"_wpcf7_posted_data_hash\" value=\"\" \/>\n<\/div>\n<div class=\"form_srb\">\n\t<div class=\"row\">\n\t\t<div class=\"col-12 col-md-6\">\n\t\t\t<p><label>Pr\u00e9nom* <span class=\"wpcf7-form-control-wrap\" data-name=\"Nome\"><input size=\"40\" maxlength=\"400\" class=\"wpcf7-form-control wpcf7-text wpcf7-validates-as-required\" aria-required=\"true\" aria-invalid=\"false\" value=\"\" type=\"text\" name=\"Nome\" \/><\/span><\/label>\n\t\t\t<\/p>\n\t\t<\/div>\n\t\t<div class=\"col-12 col-md-6\">\n\t\t\t<p><label>Nom*<span class=\"wpcf7-form-control-wrap\" data-name=\"Cognome\"><input size=\"40\" maxlength=\"400\" class=\"wpcf7-form-control wpcf7-text wpcf7-validates-as-required\" aria-required=\"true\" aria-invalid=\"false\" value=\"\" type=\"text\" name=\"Cognome\" \/><\/span><\/label>\n\t\t\t<\/p>\n\t\t<\/div>\n\t<\/div>\n\t<div class=\"row\">\n\t\t<div class=\"col-12\">\n\t\t\t<p><label>E-mail*<span class=\"wpcf7-form-control-wrap\" data-name=\"email\"><input size=\"40\" maxlength=\"400\" class=\"wpcf7-form-control wpcf7-email wpcf7-validates-as-required wpcf7-text wpcf7-validates-as-email\" aria-required=\"true\" aria-invalid=\"false\" value=\"\" type=\"email\" name=\"email\" \/><\/span><\/label>\n\t\t\t<\/p>\n\t\t<\/div>\n\t\t<div class=\"col-12\">\n\t\t\t<p><label>Message*<span class=\"wpcf7-form-control-wrap\" data-name=\"messaggio\"><textarea cols=\"40\" rows=\"10\" maxlength=\"2000\" class=\"wpcf7-form-control wpcf7-textarea wpcf7-validates-as-required\" aria-required=\"true\" aria-invalid=\"false\" name=\"messaggio\"><\/textarea><\/span><\/label>\n\t\t\t<\/p>\n\t\t<\/div>\n\t<\/div>\n\t<div class=\"row\">\n\t\t<div class=\"col-12\">\n\t\t\t<p><span class=\"wpcf7-form-control-wrap\" data-name=\"privacy\"><span class=\"wpcf7-form-control wpcf7-acceptance\"><span class=\"wpcf7-list-item\"><label><input type=\"checkbox\" name=\"privacy\" value=\"1\" aria-invalid=\"false\" \/><span class=\"wpcf7-list-item-label\">RGPD - En utilisant ce formulaire, vous consentez \u00e0 l'enregistrement des donn\u00e9es relatives \u00e0 l'adresse e-mail associ\u00e9e au site et des informations contenues dans votre curriculum vitae dans nos bases de donn\u00e9es - <a href=\"http:\/\/eurosrb.dunbar.it\/privacypolicy\/\">politique<\/a>.<\/span><\/label><\/span><\/span><\/span>\n\t\t\t<\/p>\n\t\t<\/div>\n\t<\/div>\n\t<div class=\"row\">\n\t\t<div class=\"col-12 submit-full\">\n\t\t\t<p><input class=\"wpcf7-form-control wpcf7-submit has-spinner\" type=\"submit\" value=\"Envoyer\" \/>\n\t\t\t<\/p>\n\t\t<\/div>\n\t<\/div>\n<\/div><div class=\"wpcf7-response-output\" aria-hidden=\"true\"><\/div>\n<\/form>\n<\/div>\n\n<p>[\/et_pb_text][\/et_pb_column][\/et_pb_row][\/et_pb_section][et_pb_section fb_built=&#8221;1&#8243; _builder_version=&#8221;4.21.0&#8243; _module_preset=&#8221;default&#8221; global_colors_info=&#8221;{}&#8221;][et_pb_row _builder_version=&#8221;4.21.0&#8243; _module_preset=&#8221;default&#8221; max_width=&#8221;1350px&#8221; global_colors_info=&#8221;{}&#8221;][et_pb_column type=&#8221;4_4&#8243; _builder_version=&#8221;4.21.0&#8243; _module_preset=&#8221;default&#8221; background_image=&#8221;https:\/\/eurosrb.com\/wp-content\/uploads\/2023\/06\/sfondo_cta.png&#8221; background_size=&#8221;custom&#8221; background_image_width=&#8221;101%&#8221; background_image_height=&#8221;101%&#8221; background_position=&#8221;center_left&#8221; custom_padding=&#8221;100px|15px|100px|15px|false|false&#8221; border_radii=&#8221;on|30px|30px|30px|30px&#8221; global_colors_info=&#8221;{}&#8221;][et_pb_text _builder_version=&#8221;4.21.0&#8243; _module_preset=&#8221;default&#8221; header_font=&#8221;||||||||&#8221; header_3_font_size=&#8221;48px&#8221; header_3_line_height=&#8221;1.25em&#8221; text_orientation=&#8221;center&#8221; background_layout=&#8221;dark&#8221; global_colors_info=&#8221;{}&#8221;]<\/p>\n<h2>Vous \u00eates un fournisseur?<\/h2>\n<p>Acc\u00e9dez \u00e0 votre espace r\u00e9serv\u00e9 pour commencer \u00e0 travailler avec nous.<\/p>\n<p>[\/et_pb_text][et_pb_button button_url=&#8221;https:\/\/eurosrb.geo.app.jaggaer.com\/&#8221; url_new_window=&#8221;on&#8221; button_text=&#8221;Se connecter&#8221; button_alignment=&#8221;center&#8221; _builder_version=&#8221;4.21.0&#8243; _module_preset=&#8221;default&#8221; custom_button=&#8221;on&#8221; button_text_color=&#8221;#22317f&#8221; button_bg_color=&#8221;#FFFFFF&#8221; custom_padding=&#8221;15px|15px|15px|15px|false|false&#8221; global_colors_info=&#8221;{}&#8221;][\/et_pb_button][\/et_pb_column][\/et_pb_row][\/et_pb_section]<\/p>\n","protected":false},"excerpt":{"rendered":"<p><div class=\"breadcrumbs_list\"><a href=\"https:\/\/eurosrb.com\">SRB<\/a> > <\/div>T\u00e9l. +39\/0831550840info@eurosrb.comLu &#8211; Ve: 8.00 &#8211; 18.00Sa &#8211; Di: FERM\u00c9Rue de Fiume Piccolo 1072100 Brindisi CONTACTEZ-NOUS Nous sommes l\u00e0 pour vous \n<div class=\"wpcf7 no-js\" id=\"wpcf7-f823-o2\" lang=\"fr-FR\" dir=\"ltr\" data-wpcf7-id=\"823\">\n<div class=\"screen-reader-response\"><p role=\"status\" aria-live=\"polite\" aria-atomic=\"true\"><\/p> <ul><\/ul><\/div>\n<form action=\"\/fr\/wp-json\/wp\/v2\/pages\/758#wpcf7-f823-o2\" method=\"post\" class=\"wpcf7-form init\" aria-label=\"Contact form\" novalidate=\"novalidate\" data-status=\"init\">\n<div style=\"display: none;\">\n<input type=\"hidden\" name=\"_wpcf7\" value=\"823\" \/>\n<input type=\"hidden\" name=\"_wpcf7_version\" value=\"6.0.5\" \/>\n<input type=\"hidden\" name=\"_wpcf7_locale\" value=\"fr_FR\" \/>\n<input type=\"hidden\" name=\"_wpcf7_unit_tag\" value=\"wpcf7-f823-o2\" \/>\n<input type=\"hidden\" name=\"_wpcf7_container_post\" value=\"0\" \/>\n<input type=\"hidden\" name=\"_wpcf7_posted_data_hash\" value=\"\" \/>\n<\/div>\n<div class=\"form_srb\">\n\t<div class=\"row\">\n\t\t<div class=\"col-12 col-md-6\">\n\t\t\t<p><label>Pr\u00e9nom* <span class=\"wpcf7-form-control-wrap\" data-name=\"Nome\"><input size=\"40\" maxlength=\"400\" class=\"wpcf7-form-control wpcf7-text wpcf7-validates-as-required\" aria-required=\"true\" aria-invalid=\"false\" value=\"\" type=\"text\" name=\"Nome\" \/><\/span><\/label>\n\t\t\t<\/p>\n\t\t<\/div>\n\t\t<div class=\"col-12 col-md-6\">\n\t\t\t<p><label>Nom*<span class=\"wpcf7-form-control-wrap\" data-name=\"Cognome\"><input size=\"40\" maxlength=\"400\" class=\"wpcf7-form-control wpcf7-text wpcf7-validates-as-required\" aria-required=\"true\" aria-invalid=\"false\" value=\"\" type=\"text\" name=\"Cognome\" \/><\/span><\/label>\n\t\t\t<\/p>\n\t\t<\/div>\n\t<\/div>\n\t<div class=\"row\">\n\t\t<div class=\"col-12\">\n\t\t\t<p><label>E-mail*<span class=\"wpcf7-form-control-wrap\" data-name=\"email\"><input size=\"40\" maxlength=\"400\" class=\"wpcf7-form-control wpcf7-email wpcf7-validates-as-required wpcf7-text wpcf7-validates-as-email\" aria-required=\"true\" aria-invalid=\"false\" value=\"\" type=\"email\" name=\"email\" \/><\/span><\/label>\n\t\t\t<\/p>\n\t\t<\/div>\n\t\t<div class=\"col-12\">\n\t\t\t<p><label>Message*<span class=\"wpcf7-form-control-wrap\" data-name=\"messaggio\"><textarea cols=\"40\" rows=\"10\" maxlength=\"2000\" class=\"wpcf7-form-control wpcf7-textarea wpcf7-validates-as-required\" aria-required=\"true\" aria-invalid=\"false\" name=\"messaggio\"><\/textarea><\/span><\/label>\n\t\t\t<\/p>\n\t\t<\/div>\n\t<\/div>\n\t<div class=\"row\">\n\t\t<div class=\"col-12\">\n\t\t\t<p><span class=\"wpcf7-form-control-wrap\" data-name=\"privacy\"><span class=\"wpcf7-form-control wpcf7-acceptance\"><span class=\"wpcf7-list-item\"><label><input type=\"checkbox\" name=\"privacy\" value=\"1\" aria-invalid=\"false\" \/><span class=\"wpcf7-list-item-label\">RGPD - En utilisant ce formulaire, vous consentez \u00e0 l'enregistrement des donn\u00e9es relatives \u00e0 l'adresse e-mail associ\u00e9e au site et des informations contenues dans votre curriculum vitae dans nos bases de donn\u00e9es - <a href=\"http:\/\/eurosrb.dunbar.it\/privacypolicy\/\">politique<\/a>.<\/span><\/label><\/span><\/span><\/span>\n\t\t\t<\/p>\n\t\t<\/div>\n\t<\/div>\n\t<div class=\"row\">\n\t\t<div class=\"col-12 submit-full\">\n\t\t\t<p><input class=\"wpcf7-form-control wpcf7-submit has-spinner\" type=\"submit\" value=\"Envoyer\" \/>\n\t\t\t<\/p>\n\t\t<\/div>\n\t<\/div>\n<\/div><div class=\"wpcf7-response-output\" aria-hidden=\"true\"><\/div>\n<\/form>\n<\/div>\nVous \u00eates un fournisseur? Acc\u00e9dez \u00e0 votre espace r\u00e9serv\u00e9 pour commencer \u00e0 travailler avec nous.<\/p>\n","protected":false},"author":3,"featured_media":0,"parent":0,"menu_order":0,"comment_status":"closed","ping_status":"closed","template":"","meta":{"_et_pb_use_builder":"on","_et_pb_old_content":"","_et_gb_content_width":"","inline_featured_image":false,"footnotes":""},"class_list":["post-758","page","type-page","status-publish","hentry"],"yoast_head":"<!-- This site is optimized with the Yoast SEO plugin v24.7 - https:\/\/yoast.com\/wordpress\/plugins\/seo\/ -->\n<title>Contacts (mail et t\u00e9l\u00e9phone) | Sucrerie SRB<\/title>\n<meta name=\"description\" content=\"Vous souhaitez plus d&#039;informations sur nos produits ou services? Remplissez le formulaire, nos experts vous r\u00e9pondront dans les plus brefs d\u00e9lais!\" \/>\n<meta name=\"robots\" content=\"index, follow, max-snippet:-1, max-image-preview:large, max-video-preview:-1\" \/>\n<link rel=\"canonical\" href=\"https:\/\/eurosrb.com\/fr\/contact\/\" \/>\n<meta property=\"og:locale\" content=\"fr_FR\" \/>\n<meta property=\"og:type\" content=\"article\" \/>\n<meta property=\"og:title\" content=\"Contacts (mail et t\u00e9l\u00e9phone) | Sucrerie SRB\" \/>\n<meta property=\"og:description\" content=\"Vous souhaitez plus d&#039;informations sur nos produits ou services? Remplissez le formulaire, nos experts vous r\u00e9pondront dans les plus brefs d\u00e9lais!\" \/>\n<meta property=\"og:url\" content=\"https:\/\/eurosrb.com\/fr\/contact\/\" \/>\n<meta property=\"og:site_name\" content=\"SRB\" \/>\n<meta property=\"article:publisher\" content=\"https:\/\/www.facebook.com\/zuccherosrb\" \/>\n<meta property=\"article:modified_time\" content=\"2023-09-12T13:59:44+00:00\" \/>\n<meta property=\"og:image\" content=\"https:\/\/eurosrb.com\/wp-content\/uploads\/2023\/06\/notizia_siamoqui-scaled.jpg\" \/>\n\t<meta property=\"og:image:width\" content=\"2560\" \/>\n\t<meta property=\"og:image:height\" content=\"1396\" \/>\n\t<meta property=\"og:image:type\" content=\"image\/jpeg\" \/>\n<meta name=\"twitter:card\" content=\"summary_large_image\" \/>\n<meta name=\"twitter:label1\" content=\"Est. reading time\" \/>\n\t<meta name=\"twitter:data1\" content=\"5 minutes\" \/>\n<script type=\"application\/ld+json\" class=\"yoast-schema-graph\">{\"@context\":\"https:\/\/schema.org\",\"@graph\":[{\"@type\":\"WebPage\",\"@id\":\"https:\/\/eurosrb.com\/fr\/contact\/\",\"url\":\"https:\/\/eurosrb.com\/fr\/contact\/\",\"name\":\"Contacts (mail et t\u00e9l\u00e9phone) | Sucrerie SRB\",\"isPartOf\":{\"@id\":\"https:\/\/eurosrb.com\/fr\/#website\"},\"datePublished\":\"2023-06-12T14:15:35+00:00\",\"dateModified\":\"2023-09-12T13:59:44+00:00\",\"description\":\"Vous souhaitez plus d'informations sur nos produits ou services? Remplissez le formulaire, nos experts vous r\u00e9pondront dans les plus brefs d\u00e9lais!\",\"breadcrumb\":{\"@id\":\"https:\/\/eurosrb.com\/fr\/contact\/#breadcrumb\"},\"inLanguage\":\"fr-FR\",\"potentialAction\":[{\"@type\":\"ReadAction\",\"target\":[\"https:\/\/eurosrb.com\/fr\/contact\/\"]}]},{\"@type\":\"BreadcrumbList\",\"@id\":\"https:\/\/eurosrb.com\/fr\/contact\/#breadcrumb\",\"itemListElement\":[{\"@type\":\"ListItem\",\"position\":1,\"name\":\"Home\",\"item\":\"https:\/\/eurosrb.com\/fr\/\"},{\"@type\":\"ListItem\",\"position\":2,\"name\":\"Contacts\"}]},{\"@type\":\"WebSite\",\"@id\":\"https:\/\/eurosrb.com\/fr\/#website\",\"url\":\"https:\/\/eurosrb.com\/fr\/\",\"name\":\"SRB S.p.A.\",\"description\":\"Siamo a Brindisi, e siamo la pi\u00f9 grande raffineria di zucchero da canna in Italia.\",\"publisher\":{\"@id\":\"https:\/\/eurosrb.com\/fr\/#organization\"},\"alternateName\":\"Zuccherificio SRB\",\"potentialAction\":[{\"@type\":\"SearchAction\",\"target\":{\"@type\":\"EntryPoint\",\"urlTemplate\":\"https:\/\/eurosrb.com\/fr\/?s={search_term_string}\"},\"query-input\":{\"@type\":\"PropertyValueSpecification\",\"valueRequired\":true,\"valueName\":\"search_term_string\"}}],\"inLanguage\":\"fr-FR\"},{\"@type\":\"Organization\",\"@id\":\"https:\/\/eurosrb.com\/fr\/#organization\",\"name\":\"SRB S.p.A.\",\"alternateName\":\"Zuccherificio SRB\",\"url\":\"https:\/\/eurosrb.com\/fr\/\",\"logo\":{\"@type\":\"ImageObject\",\"inLanguage\":\"fr-FR\",\"@id\":\"https:\/\/eurosrb.com\/fr\/#\/schema\/logo\/image\/\",\"url\":\"https:\/\/eurosrb.com\/wp-content\/uploads\/2023\/06\/logo-eurosrb.png\",\"contentUrl\":\"https:\/\/eurosrb.com\/wp-content\/uploads\/2023\/06\/logo-eurosrb.png\",\"width\":264,\"height\":172,\"caption\":\"SRB S.p.A.\"},\"image\":{\"@id\":\"https:\/\/eurosrb.com\/fr\/#\/schema\/logo\/image\/\"},\"sameAs\":[\"https:\/\/www.facebook.com\/zuccherosrb\",\"https:\/\/www.linkedin.com\/company\/eurosrb\/\"]}]}<\/script>\n<!-- \/ Yoast SEO plugin. -->","yoast_head_json":{"title":"Contacts (mail et t\u00e9l\u00e9phone) | Sucrerie SRB","description":"Vous souhaitez plus d'informations sur nos produits ou services? Remplissez le formulaire, nos experts vous r\u00e9pondront dans les plus brefs d\u00e9lais!","robots":{"index":"index","follow":"follow","max-snippet":"max-snippet:-1","max-image-preview":"max-image-preview:large","max-video-preview":"max-video-preview:-1"},"canonical":"https:\/\/eurosrb.com\/fr\/contact\/","og_locale":"fr_FR","og_type":"article","og_title":"Contacts (mail et t\u00e9l\u00e9phone) | Sucrerie SRB","og_description":"Vous souhaitez plus d'informations sur nos produits ou services? Remplissez le formulaire, nos experts vous r\u00e9pondront dans les plus brefs d\u00e9lais!","og_url":"https:\/\/eurosrb.com\/fr\/contact\/","og_site_name":"SRB","article_publisher":"https:\/\/www.facebook.com\/zuccherosrb","article_modified_time":"2023-09-12T13:59:44+00:00","og_image":[{"width":2560,"height":1396,"url":"https:\/\/eurosrb.com\/wp-content\/uploads\/2023\/06\/notizia_siamoqui-scaled.jpg","type":"image\/jpeg"}],"twitter_card":"summary_large_image","twitter_misc":{"Est. reading time":"5 minutes"},"schema":{"@context":"https:\/\/schema.org","@graph":[{"@type":"WebPage","@id":"https:\/\/eurosrb.com\/fr\/contact\/","url":"https:\/\/eurosrb.com\/fr\/contact\/","name":"Contacts (mail et t\u00e9l\u00e9phone) | Sucrerie SRB","isPartOf":{"@id":"https:\/\/eurosrb.com\/fr\/#website"},"datePublished":"2023-06-12T14:15:35+00:00","dateModified":"2023-09-12T13:59:44+00:00","description":"Vous souhaitez plus d'informations sur nos produits ou services? Remplissez le formulaire, nos experts vous r\u00e9pondront dans les plus brefs d\u00e9lais!","breadcrumb":{"@id":"https:\/\/eurosrb.com\/fr\/contact\/#breadcrumb"},"inLanguage":"fr-FR","potentialAction":[{"@type":"ReadAction","target":["https:\/\/eurosrb.com\/fr\/contact\/"]}]},{"@type":"BreadcrumbList","@id":"https:\/\/eurosrb.com\/fr\/contact\/#breadcrumb","itemListElement":[{"@type":"ListItem","position":1,"name":"Home","item":"https:\/\/eurosrb.com\/fr\/"},{"@type":"ListItem","position":2,"name":"Contacts"}]},{"@type":"WebSite","@id":"https:\/\/eurosrb.com\/fr\/#website","url":"https:\/\/eurosrb.com\/fr\/","name":"SRB S.p.A.","description":"Siamo a Brindisi, e siamo la pi\u00f9 grande raffineria di zucchero da canna in Italia.","publisher":{"@id":"https:\/\/eurosrb.com\/fr\/#organization"},"alternateName":"Zuccherificio SRB","potentialAction":[{"@type":"SearchAction","target":{"@type":"EntryPoint","urlTemplate":"https:\/\/eurosrb.com\/fr\/?s={search_term_string}"},"query-input":{"@type":"PropertyValueSpecification","valueRequired":true,"valueName":"search_term_string"}}],"inLanguage":"fr-FR"},{"@type":"Organization","@id":"https:\/\/eurosrb.com\/fr\/#organization","name":"SRB S.p.A.","alternateName":"Zuccherificio SRB","url":"https:\/\/eurosrb.com\/fr\/","logo":{"@type":"ImageObject","inLanguage":"fr-FR","@id":"https:\/\/eurosrb.com\/fr\/#\/schema\/logo\/image\/","url":"https:\/\/eurosrb.com\/wp-content\/uploads\/2023\/06\/logo-eurosrb.png","contentUrl":"https:\/\/eurosrb.com\/wp-content\/uploads\/2023\/06\/logo-eurosrb.png","width":264,"height":172,"caption":"SRB S.p.A."},"image":{"@id":"https:\/\/eurosrb.com\/fr\/#\/schema\/logo\/image\/"},"sameAs":["https:\/\/www.facebook.com\/zuccherosrb","https:\/\/www.linkedin.com\/company\/eurosrb\/"]}]}},"_links":{"self":[{"href":"https:\/\/eurosrb.com\/fr\/wp-json\/wp\/v2\/pages\/758","targetHints":{"allow":["GET"]}}],"collection":[{"href":"https:\/\/eurosrb.com\/fr\/wp-json\/wp\/v2\/pages"}],"about":[{"href":"https:\/\/eurosrb.com\/fr\/wp-json\/wp\/v2\/types\/page"}],"author":[{"embeddable":true,"href":"https:\/\/eurosrb.com\/fr\/wp-json\/wp\/v2\/users\/3"}],"replies":[{"embeddable":true,"href":"https:\/\/eurosrb.com\/fr\/wp-json\/wp\/v2\/comments?post=758"}],"version-history":[{"count":9,"href":"https:\/\/eurosrb.com\/fr\/wp-json\/wp\/v2\/pages\/758\/revisions"}],"predecessor-version":[{"id":1273,"href":"https:\/\/eurosrb.com\/fr\/wp-json\/wp\/v2\/pages\/758\/revisions\/1273"}],"wp:attachment":[{"href":"https:\/\/eurosrb.com\/fr\/wp-json\/wp\/v2\/media?parent=758"}],"curies":[{"name":"wp","href":"https:\/\/api.w.org\/{rel}","templated":true}]}}